{"id":93,"date":"2021-09-09T18:49:48","date_gmt":"2021-09-09T18:49:48","guid":{"rendered":"https:\/\/www.downward-smiling-dog.ch\/?page_id=93"},"modified":"2025-06-03T07:13:07","modified_gmt":"2025-06-03T07:13:07","slug":"home","status":"publish","type":"page","link":"https:\/\/www.downward-smiling-dog.ch\/","title":{"rendered":"Home"},"content":{"rendered":"\n<p><strong>Herzlich willkommen bei Downward Smiling Dog &#8211; sch\u00f6n, dass du hier bist!<\/strong><\/p>\n\n\n<div class=\"wp-block-image is-style-rounded\">\n<figure class=\"alignright size-large is-resized\"><img loading=\"lazy\" decoding=\"async\" width=\"768\" height=\"1024\" src=\"https:\/\/www.downward-smiling-dog.ch\/wp-content\/uploads\/2023\/01\/FotomitFlyer-768x1024.jpg\" alt=\"\" class=\"wp-image-560\" style=\"width:246px;height:327px\" srcset=\"https:\/\/www.downward-smiling-dog.ch\/wp-content\/uploads\/2023\/01\/FotomitFlyer-768x1024.jpg 768w, https:\/\/www.downward-smiling-dog.ch\/wp-content\/uploads\/2023\/01\/FotomitFlyer-225x300.jpg 225w, https:\/\/www.downward-smiling-dog.ch\/wp-content\/uploads\/2023\/01\/FotomitFlyer.jpg 960w\" sizes=\"auto, (max-width: 768px) 100vw, 768px\" \/><\/figure><\/div>\n\n\n<p>Ich bin Tina und m\u00f6chte mit diesem Herzensprojekt Organisationen unterst\u00fctzen, die sich f\u00fcr Tiere einsetzen. Wenn du meine Yogaklasse besuchst,  tust du nicht nur dir selbst etwas Gutes , sondern auch den Tieren: 50% aller Kurseinnahmen werden gespendet. Gemeinsam machen wir also Yoga f\u00fcr Tiere.<\/p>\n\n\n\n<p id=\"block-87080cce-864e-45e3-a5d1-fb9e80936971\"><strong>Aktuelles<\/strong><\/p>\n\n\n\n<p id=\"block-87080cce-864e-45e3-a5d1-fb9e80936971\">Die aktuellen Kurszeiten findest du unter <a href=\"https:\/\/www.downward-smiling-dog.ch\/?page_id=17\">Kurse<\/a><a rel=\"noreferrer noopener\" href=\"https:\/\/www.downward-smiling-dog.ch\/?page_id=17\" target=\"_blank\"><\/a><\/p>\n\n\n\n<p>Im Moment sammeln wir f\u00fcr <a href=\"https:\/\/netap.ch\/\">NetAP-Network for Animal Protection.<\/a><\/p>\n\n\n\n<p><\/p>\n\n\n\n<p id=\"block-87080cce-864e-45e3-a5d1-fb9e80936971\">Bereits gesammelte Beitr\u00e4ge pro Organisation in Schweizer Franken:<\/p>\n\n\n\n<h2 class=\"wp-block-heading\"><\/h2>\n\n\n\n<p class=\"has-text-align-left\">   <style>\r\n\r\n#wpsm_counter_b_row_497 .wpsm_counterbox\r\n{\r\n\ttext-align:center;\r\n\tmargin-top:50px;\r\n\tmargin-bottom:50px;\r\n}\r\n#wpsm_counter_b_row_497 .wpsm_counterbox .wpsm_count-icon{\r\n\tdisplay:block;\r\n\tmargin-top:20px;\r\n\tpadding-top:0px;\r\n\tpadding-bottom:0px;\r\n\tmargin-bottom:0px;\r\n\tmargin:0 auto;\r\n}\r\n#wpsm_counter_b_row_497 .wpsm_counterbox .wpsm_count-icon i{\r\n\tfont-size:60px;\r\n\tcolor:#39bab5;\r\n}\r\n#wpsm_counter_b_row_497 .wpsm_counterbox .wpsm_number{\r\n\tfont-size:50px;\r\n\tfont-weight:400;\r\n\tcolor:#000000;\r\n\tfont-family:'Open Sans';\r\n\tletter-spacing:2px;\r\n\tmargin-top:20px;\r\n\tline-height: 1.3em;\r\n\tpadding-top:0px;\r\n\tpadding-bottom:0px;\r\n\tmargin-bottom:0px;\r\n}\r\n#wpsm_counter_b_row_497 .wpsm_counterbox .wpsm_count-title{\r\n    font-size:16px;\r\n\tfont-weight:bolder;\r\n\tfont-family:'Open Sans';\r\n\tletter-spacing:2px;\r\n    color: #000000;\r\n\tfont-weight:400;\r\n\tmargin-top:20px;\r\n\tpadding-top:0px;\r\n\tpadding-bottom:0px;\r\n\tmargin-bottom:0px;\r\n\tline-height: 1.3em;\r\n}\r\n\r\n<\/style> \r\n\t\t \r\n\t\t\r\n\t\t<style>\r\n\t\t#wpsm_counter_b_row_497\t\t\t{\r\n\t\t\t\t\r\n\t\t\t\tposition:relative;\r\n\t\t\t\twidth:100%;\r\n\t\t\t\toverflow:hidden;\r\n\t\t\t\ttext-align:center;\r\n\t\t\t}\r\n\t\t\t \r\n\t\t\t#wpsm_counter_b_row_497 .wpsm_row{\r\n\t\t\toverflow:hidden;\r\n\t\t\tdisplay:block;\r\n\t\t\twidth:100%;\r\n\t\t\t} \r\n\t\t\t \r\n\t\t\t#wpsm_counter_b_row_497 .wpsm_row{\r\n\t\t\toverflow:visible;\r\n\t\t\t} \r\n\t\t\t \r\n\t\t\t#wpsm_counter_b_row_497 .wpsm_counterbox .wpsm_count-title{\r\n\t\t\tmin-height:56px;\r\n\t\t\t}}\r\n\t\t\t \r\n\t\t<\/style>\r\n\t\t\r\n\t\t<div class=\"wpsm_counter_b_row\" id=\"wpsm_counter_b_row_497\">\r\n\t\t\t<div>\r\n\t\t\t\t<div class=\"wpsm_row\">\r\n\t\t\r\n\t\t\t\t\t\t<div class=\"wpsm_col-md-4 wpsm_col-sm-6\">\r\n\t\t\t\t\t<div class=\"wpsm_counterbox\">\r\n\t\t\t\t\t\t \r\n\t\t\t\t\t\t<div class=\"wpsm_count-icon\"><i #39bab5 class=\"fa fa-paw\"><\/i><\/div>\r\n\t\t\t\t\t\t\t\t\t\t\t\t<div class=\"wpsm_number\" style=\"#000000\" >\r\n\t\t\t\t\t\t   <span class=\"counter\">440\t\t\t\t\t\t   <\/span>\r\n\t\t\t\t\t\t    \r\n\t\t\t\t\t    <\/div>\r\n\t\t\t\t\t\t<h3 class=\"wpsm_count-title\" #000000> NetAP<\/h3>\r\n\t\t\t\t\t\t \r\n\t\t\t\t\t<\/div>\r\n\t\t\t\t<\/div>\r\n\t\t\t\t\t\t\t\r\n\t\t\t<\/div>\t\t\t\t<\/div>\r\n\t\t<\/div>\r\n\t\t\r\n\t  <style>\r\n\r\n#wpsm_counter_b_row_464 .wpsm_counterbox\r\n{\r\n\ttext-align:center;\r\n\tmargin-top:50px;\r\n\tmargin-bottom:50px;\r\n}\r\n#wpsm_counter_b_row_464 .wpsm_counterbox .wpsm_count-icon{\r\n\tdisplay:block;\r\n\tmargin-top:20px;\r\n\tpadding-top:0px;\r\n\tpadding-bottom:0px;\r\n\tmargin-bottom:0px;\r\n\tmargin:0 auto;\r\n}\r\n#wpsm_counter_b_row_464 .wpsm_counterbox .wpsm_count-icon i{\r\n\tfont-size:60px;\r\n\tcolor:#afafaf;\r\n}\r\n#wpsm_counter_b_row_464 .wpsm_counterbox .wpsm_number{\r\n\tfont-size:50px;\r\n\tfont-weight:400;\r\n\tcolor:#000000;\r\n\tfont-family:'Open Sans';\r\n\tletter-spacing:2px;\r\n\tmargin-top:20px;\r\n\tline-height: 1.3em;\r\n\tpadding-top:0px;\r\n\tpadding-bottom:0px;\r\n\tmargin-bottom:0px;\r\n}\r\n#wpsm_counter_b_row_464 .wpsm_counterbox .wpsm_count-title{\r\n    font-size:16px;\r\n\tfont-weight:bolder;\r\n\tfont-family:'Open Sans';\r\n\tletter-spacing:2px;\r\n    color: #000000;\r\n\tfont-weight:400;\r\n\tmargin-top:20px;\r\n\tpadding-top:0px;\r\n\tpadding-bottom:0px;\r\n\tmargin-bottom:0px;\r\n\tline-height: 1.3em;\r\n}\r\n\r\n<\/style> \r\n\t\t \r\n\t\t\r\n\t\t<style>\r\n\t\t#wpsm_counter_b_row_464\t\t\t{\r\n\t\t\t\t\r\n\t\t\t\tposition:relative;\r\n\t\t\t\twidth:100%;\r\n\t\t\t\toverflow:hidden;\r\n\t\t\t\ttext-align:center;\r\n\t\t\t}\r\n\t\t\t \r\n\t\t\t#wpsm_counter_b_row_464 .wpsm_row{\r\n\t\t\toverflow:hidden;\r\n\t\t\tdisplay:block;\r\n\t\t\twidth:100%;\r\n\t\t\t} \r\n\t\t\t \r\n\t\t\t#wpsm_counter_b_row_464 .wpsm_row{\r\n\t\t\toverflow:visible;\r\n\t\t\t} \r\n\t\t\t \r\n\t\t\t#wpsm_counter_b_row_464 .wpsm_counterbox .wpsm_count-title{\r\n\t\t\tmin-height:56px;\r\n\t\t\t}}\r\n\t\t\t \r\n\t\t<\/style>\r\n\t\t\r\n\t\t<div class=\"wpsm_counter_b_row\" id=\"wpsm_counter_b_row_464\">\r\n\t\t\t<div>\r\n\t\t\t\t<div class=\"wpsm_row\">\r\n\t\t\r\n\t\t\t\t\t\t<div class=\"wpsm_col-md-4 wpsm_col-sm-6\">\r\n\t\t\t\t\t<div class=\"wpsm_counterbox\">\r\n\t\t\t\t\t\t \r\n\t\t\t\t\t\t<div class=\"wpsm_count-icon\"><i #afafaf class=\"fa fa-paw\"><\/i><\/div>\r\n\t\t\t\t\t\t\t\t\t\t\t\t<div class=\"wpsm_number\" style=\"#000000\" >\r\n\t\t\t\t\t\t   <span class=\"counter\">150\t\t\t\t\t\t   <\/span>\r\n\t\t\t\t\t\t    \r\n\t\t\t\t\t    <\/div>\r\n\t\t\t\t\t\t<h3 class=\"wpsm_count-title\" #000000> Sentience<\/h3>\r\n\t\t\t\t\t\t \r\n\t\t\t\t\t<\/div>\r\n\t\t\t\t<\/div>\r\n\t\t\t\t\t\t\t\t\t<div class=\"wpsm_col-md-4 wpsm_col-sm-6\">\r\n\t\t\t\t\t<div class=\"wpsm_counterbox\">\r\n\t\t\t\t\t\t \r\n\t\t\t\t\t\t<div class=\"wpsm_count-icon\"><i #afafaf class=\"fa fa-paw\"><\/i><\/div>\r\n\t\t\t\t\t\t\t\t\t\t\t\t<div class=\"wpsm_number\" style=\"#000000\" >\r\n\t\t\t\t\t\t   <span class=\"counter\">170\t\t\t\t\t\t   <\/span>\r\n\t\t\t\t\t\t    \r\n\t\t\t\t\t    <\/div>\r\n\t\t\t\t\t\t<h3 class=\"wpsm_count-title\" #000000> NetAp-Unterst\u00fctzung f\u00fcr die Tiere in der Ukraine<\/h3>\r\n\t\t\t\t\t\t \r\n\t\t\t\t\t<\/div>\r\n\t\t\t\t<\/div>\r\n\t\t\t\t\t\t\t\t\t<div class=\"wpsm_col-md-4 wpsm_col-sm-6\">\r\n\t\t\t\t\t<div class=\"wpsm_counterbox\">\r\n\t\t\t\t\t\t \r\n\t\t\t\t\t\t<div class=\"wpsm_count-icon\"><i #afafaf class=\"fa fa-paw\"><\/i><\/div>\r\n\t\t\t\t\t\t\t\t\t\t\t\t<div class=\"wpsm_number\" style=\"#000000\" >\r\n\t\t\t\t\t\t   <span class=\"counter\">830.00\t\t\t\t\t\t   <\/span>\r\n\t\t\t\t\t\t    \r\n\t\t\t\t\t    <\/div>\r\n\t\t\t\t\t\t<h3 class=\"wpsm_count-title\" #000000> Tier im Recht (TIR)<\/h3>\r\n\t\t\t\t\t\t \r\n\t\t\t\t\t<\/div>\r\n\t\t\t\t<\/div>\r\n\t\t\t\t\t\t<\/div>\r\n\t\t\t<div class=\"wpsm_row\">\r\n\t\t\t\t\t\t\t\t<div class=\"wpsm_col-md-4 wpsm_col-sm-6\">\r\n\t\t\t\t\t<div class=\"wpsm_counterbox\">\r\n\t\t\t\t\t\t \r\n\t\t\t\t\t\t<div class=\"wpsm_count-icon\"><i #afafaf class=\"fa fa-paw\"><\/i><\/div>\r\n\t\t\t\t\t\t\t\t\t\t\t\t<div class=\"wpsm_number\" style=\"#000000\" >\r\n\t\t\t\t\t\t   <span class=\"counter\">585.00\t\t\t\t\t\t   <\/span>\r\n\t\t\t\t\t\t    \r\n\t\t\t\t\t    <\/div>\r\n\t\t\t\t\t\t<h3 class=\"wpsm_count-title\" #000000> Tier im Fokus (TIF)<\/h3>\r\n\t\t\t\t\t\t \r\n\t\t\t\t\t<\/div>\r\n\t\t\t\t<\/div>\r\n\t\t\t\t\t\t\t\t\t<div class=\"wpsm_col-md-4 wpsm_col-sm-6\">\r\n\t\t\t\t\t<div class=\"wpsm_counterbox\">\r\n\t\t\t\t\t\t \r\n\t\t\t\t\t\t<div class=\"wpsm_count-icon\"><i #afafaf class=\"fa fa-paw\"><\/i><\/div>\r\n\t\t\t\t\t\t\t\t\t\t\t\t<div class=\"wpsm_number\" style=\"#000000\" >\r\n\t\t\t\t\t\t   <span class=\"counter\">800.00\t\t\t\t\t\t   <\/span>\r\n\t\t\t\t\t\t    \r\n\t\t\t\t\t    <\/div>\r\n\t\t\t\t\t\t<h3 class=\"wpsm_count-title\" #000000> Refugio Corazon Animal San Francisco, Mexiko<\/h3>\r\n\t\t\t\t\t\t \r\n\t\t\t\t\t<\/div>\r\n\t\t\t\t<\/div>\r\n\t\t\t\t\t\t\t\t\t<div class=\"wpsm_col-md-4 wpsm_col-sm-6\">\r\n\t\t\t\t\t<div class=\"wpsm_counterbox\">\r\n\t\t\t\t\t\t \r\n\t\t\t\t\t\t<div class=\"wpsm_count-icon\"><i #afafaf class=\"fa fa-paw\"><\/i><\/div>\r\n\t\t\t\t\t\t\t\t\t\t\t\t<div class=\"wpsm_number\" style=\"#000000\" >\r\n\t\t\t\t\t\t   <span class=\"counter\">1050\t\t\t\t\t\t   <\/span>\r\n\t\t\t\t\t\t    \r\n\t\t\t\t\t    <\/div>\r\n\t\t\t\t\t\t<h3 class=\"wpsm_count-title\" #000000> Lebensof TierMensch<\/h3>\r\n\t\t\t\t\t\t \r\n\t\t\t\t\t<\/div>\r\n\t\t\t\t<\/div>\r\n\t\t\t\t\t\t<\/div>\r\n\t\t\t<div class=\"wpsm_row\">\r\n\t\t\t\t\t\t\t\t<div class=\"wpsm_col-md-4 wpsm_col-sm-6\">\r\n\t\t\t\t\t<div class=\"wpsm_counterbox\">\r\n\t\t\t\t\t\t \r\n\t\t\t\t\t\t<div class=\"wpsm_count-icon\"><i #afafaf class=\"fa fa-paw\"><\/i><\/div>\r\n\t\t\t\t\t\t\t\t\t\t\t\t<div class=\"wpsm_number\" style=\"#000000\" >\r\n\t\t\t\t\t\t   <span class=\"counter\">940\t\t\t\t\t\t   <\/span>\r\n\t\t\t\t\t\t    \r\n\t\t\t\t\t    <\/div>\r\n\t\t\t\t\t\t<h3 class=\"wpsm_count-title\" #000000> Stiftung Das Tier und Wir<\/h3>\r\n\t\t\t\t\t\t \r\n\t\t\t\t\t<\/div>\r\n\t\t\t\t<\/div>\r\n\t\t\t\t\t\t\t\r\n\t\t\t<\/div>\t\t\t\t<\/div>\r\n\t\t<\/div>\r\n\t\t\r\n\t<\/p>\n\n\n\n<p><\/p>\n\n\n\n<p>Mehr Infos zu den einzelnen Organisationen findest du <a href=\"https:\/\/www.downward-smiling-dog.ch\/?page_id=56\" data-type=\"URL\" data-id=\"https:\/\/www.downward-smiling-dog.ch\/?page_id=56\">hier<\/a>.<\/p>\n\n\n\n<p><\/p>\n","protected":false},"excerpt":{"rendered":"<p>Herzlich willkommen bei Downward Smiling Dog &#8211; sch\u00f6n, dass du hier bist! Ich bin Tina und m\u00f6chte mit diesem Herzensprojekt Organisationen unterst\u00fctzen, die sich f\u00fcr Tiere einsetzen. Wenn du meine Yogaklasse besuchst, tust du nicht nur dir selbst etwas Gutes , sondern auch den Tieren: 50% aller Kurseinnahmen werden gespendet. Gemeinsam machen wir also Yoga&hellip; <a href=\"https:\/\/www.downward-smiling-dog.ch\/?p=464\" class=\"more-link\">Weiterlesen <span class=\"screen-reader-text\">Alt<\/span><\/a><\/p>\n","protected":false},"author":1,"featured_media":0,"parent":0,"menu_order":1,"comment_status":"closed","ping_status":"closed","template":"","meta":{"sfsi_plus_gutenberg_text_before_share":"","sfsi_plus_gutenberg_show_text_before_share":"","sfsi_plus_gutenberg_icon_type":"","sfsi_plus_gutenberg_icon_alignemt":"","sfsi_plus_gutenburg_max_per_row":"","footnotes":""},"class_list":["post-93","page","type-page","status-publish","hentry","without-featured-image"],"yoast_head":"<!-- This site is optimized with the Yoast SEO plugin v25.0 - https:\/\/yoast.com\/wordpress\/plugins\/seo\/ -->\n<title>Home -<\/title>\n<meta name=\"robots\" content=\"index, follow, max-snippet:-1, max-image-preview:large, max-video-preview:-1\" \/>\n<link rel=\"canonical\" href=\"https:\/\/www.downward-smiling-dog.ch\/\" \/>\n<meta property=\"og:locale\" content=\"de_DE\" \/>\n<meta property=\"og:type\" content=\"article\" \/>\n<meta property=\"og:title\" content=\"Home -\" \/>\n<meta property=\"og:description\" content=\"Herzlich willkommen bei Downward Smiling Dog &#8211; sch\u00f6n, dass du hier bist! Ich bin Tina und m\u00f6chte mit diesem Herzensprojekt Organisationen unterst\u00fctzen, die sich f\u00fcr Tiere einsetzen. Wenn du meine Yogaklasse besuchst, tust du nicht nur dir selbst etwas Gutes , sondern auch den Tieren: 50% aller Kurseinnahmen werden gespendet. Gemeinsam machen wir also Yoga&hellip; Weiterlesen Alt\" \/>\n<meta property=\"og:url\" content=\"https:\/\/www.downward-smiling-dog.ch\/\" \/>\n<meta property=\"article:publisher\" content=\"https:\/\/www.facebook.com\/tina.downwardsmilingdog\" \/>\n<meta property=\"article:modified_time\" content=\"2025-06-03T07:13:07+00:00\" \/>\n<meta property=\"og:image\" content=\"https:\/\/www.downward-smiling-dog.ch\/wp-content\/uploads\/2023\/01\/FotomitFlyer.jpg\" \/>\n\t<meta property=\"og:image:width\" content=\"960\" \/>\n\t<meta property=\"og:image:height\" content=\"1280\" \/>\n\t<meta property=\"og:image:type\" content=\"image\/jpeg\" \/>\n<meta name=\"twitter:card\" content=\"summary_large_image\" \/>\n<meta name=\"twitter:label1\" content=\"Gesch\u00e4tzte Lesezeit\" \/>\n\t<meta name=\"twitter:data1\" content=\"1\u00a0Minute\" \/>\n<script type=\"application\/ld+json\" class=\"yoast-schema-graph\">{\"@context\":\"https:\/\/schema.org\",\"@graph\":[{\"@type\":\"WebPage\",\"@id\":\"https:\/\/www.downward-smiling-dog.ch\/\",\"url\":\"https:\/\/www.downward-smiling-dog.ch\/\",\"name\":\"Home -\",\"isPartOf\":{\"@id\":\"https:\/\/www.downward-smiling-dog.ch\/#website\"},\"primaryImageOfPage\":{\"@id\":\"https:\/\/www.downward-smiling-dog.ch\/#primaryimage\"},\"image\":{\"@id\":\"https:\/\/www.downward-smiling-dog.ch\/#primaryimage\"},\"thumbnailUrl\":\"https:\/\/www.downward-smiling-dog.ch\/wp-content\/uploads\/2023\/01\/FotomitFlyer-768x1024.jpg\",\"datePublished\":\"2021-09-09T18:49:48+00:00\",\"dateModified\":\"2025-06-03T07:13:07+00:00\",\"breadcrumb\":{\"@id\":\"https:\/\/www.downward-smiling-dog.ch\/#breadcrumb\"},\"inLanguage\":\"de\",\"potentialAction\":[{\"@type\":\"ReadAction\",\"target\":[\"https:\/\/www.downward-smiling-dog.ch\/\"]}]},{\"@type\":\"ImageObject\",\"inLanguage\":\"de\",\"@id\":\"https:\/\/www.downward-smiling-dog.ch\/#primaryimage\",\"url\":\"https:\/\/www.downward-smiling-dog.ch\/wp-content\/uploads\/2023\/01\/FotomitFlyer.jpg\",\"contentUrl\":\"https:\/\/www.downward-smiling-dog.ch\/wp-content\/uploads\/2023\/01\/FotomitFlyer.jpg\",\"width\":960,\"height\":1280},{\"@type\":\"BreadcrumbList\",\"@id\":\"https:\/\/www.downward-smiling-dog.ch\/#breadcrumb\",\"itemListElement\":[{\"@type\":\"ListItem\",\"position\":1,\"name\":\"Startseite\",\"item\":\"https:\/\/www.downward-smiling-dog.ch\/\"},{\"@type\":\"ListItem\",\"position\":2,\"name\":\"Home\"}]},{\"@type\":\"WebSite\",\"@id\":\"https:\/\/www.downward-smiling-dog.ch\/#website\",\"url\":\"https:\/\/www.downward-smiling-dog.ch\/\",\"name\":\"downward-smiling-dog.ch\",\"description\":\"\",\"publisher\":{\"@id\":\"https:\/\/www.downward-smiling-dog.ch\/#organization\"},\"potentialAction\":[{\"@type\":\"SearchAction\",\"target\":{\"@type\":\"EntryPoint\",\"urlTemplate\":\"https:\/\/www.downward-smiling-dog.ch\/?s={search_term_string}\"},\"query-input\":{\"@type\":\"PropertyValueSpecification\",\"valueRequired\":true,\"valueName\":\"search_term_string\"}}],\"inLanguage\":\"de\"},{\"@type\":\"Organization\",\"@id\":\"https:\/\/www.downward-smiling-dog.ch\/#organization\",\"name\":\"Downward Smiling Dog\",\"url\":\"https:\/\/www.downward-smiling-dog.ch\/\",\"logo\":{\"@type\":\"ImageObject\",\"inLanguage\":\"de\",\"@id\":\"https:\/\/www.downward-smiling-dog.ch\/#\/schema\/logo\/image\/\",\"url\":\"https:\/\/www.downward-smiling-dog.ch\/wp-content\/uploads\/2021\/08\/cropped-cropped-cropped-Downfacing_Smiling_Dog_Logo-1.jpg\",\"contentUrl\":\"https:\/\/www.downward-smiling-dog.ch\/wp-content\/uploads\/2021\/08\/cropped-cropped-cropped-Downfacing_Smiling_Dog_Logo-1.jpg\",\"width\":512,\"height\":512,\"caption\":\"Downward Smiling Dog\"},\"image\":{\"@id\":\"https:\/\/www.downward-smiling-dog.ch\/#\/schema\/logo\/image\/\"},\"sameAs\":[\"https:\/\/www.facebook.com\/tina.downwardsmilingdog\",\"https:\/\/www.instagram.com\/downward_smiling_dog_yoga\/\"]}]}<\/script>\n<!-- \/ Yoast SEO plugin. -->","yoast_head_json":{"title":"Home -","robots":{"index":"index","follow":"follow","max-snippet":"max-snippet:-1","max-image-preview":"max-image-preview:large","max-video-preview":"max-video-preview:-1"},"canonical":"https:\/\/www.downward-smiling-dog.ch\/","og_locale":"de_DE","og_type":"article","og_title":"Home -","og_description":"Herzlich willkommen bei Downward Smiling Dog &#8211; sch\u00f6n, dass du hier bist! Ich bin Tina und m\u00f6chte mit diesem Herzensprojekt Organisationen unterst\u00fctzen, die sich f\u00fcr Tiere einsetzen. Wenn du meine Yogaklasse besuchst, tust du nicht nur dir selbst etwas Gutes , sondern auch den Tieren: 50% aller Kurseinnahmen werden gespendet. Gemeinsam machen wir also Yoga&hellip; Weiterlesen Alt","og_url":"https:\/\/www.downward-smiling-dog.ch\/","article_publisher":"https:\/\/www.facebook.com\/tina.downwardsmilingdog","article_modified_time":"2025-06-03T07:13:07+00:00","og_image":[{"width":960,"height":1280,"url":"https:\/\/www.downward-smiling-dog.ch\/wp-content\/uploads\/2023\/01\/FotomitFlyer.jpg","type":"image\/jpeg"}],"twitter_card":"summary_large_image","twitter_misc":{"Gesch\u00e4tzte Lesezeit":"1\u00a0Minute"},"schema":{"@context":"https:\/\/schema.org","@graph":[{"@type":"WebPage","@id":"https:\/\/www.downward-smiling-dog.ch\/","url":"https:\/\/www.downward-smiling-dog.ch\/","name":"Home -","isPartOf":{"@id":"https:\/\/www.downward-smiling-dog.ch\/#website"},"primaryImageOfPage":{"@id":"https:\/\/www.downward-smiling-dog.ch\/#primaryimage"},"image":{"@id":"https:\/\/www.downward-smiling-dog.ch\/#primaryimage"},"thumbnailUrl":"https:\/\/www.downward-smiling-dog.ch\/wp-content\/uploads\/2023\/01\/FotomitFlyer-768x1024.jpg","datePublished":"2021-09-09T18:49:48+00:00","dateModified":"2025-06-03T07:13:07+00:00","breadcrumb":{"@id":"https:\/\/www.downward-smiling-dog.ch\/#breadcrumb"},"inLanguage":"de","potentialAction":[{"@type":"ReadAction","target":["https:\/\/www.downward-smiling-dog.ch\/"]}]},{"@type":"ImageObject","inLanguage":"de","@id":"https:\/\/www.downward-smiling-dog.ch\/#primaryimage","url":"https:\/\/www.downward-smiling-dog.ch\/wp-content\/uploads\/2023\/01\/FotomitFlyer.jpg","contentUrl":"https:\/\/www.downward-smiling-dog.ch\/wp-content\/uploads\/2023\/01\/FotomitFlyer.jpg","width":960,"height":1280},{"@type":"BreadcrumbList","@id":"https:\/\/www.downward-smiling-dog.ch\/#breadcrumb","itemListElement":[{"@type":"ListItem","position":1,"name":"Startseite","item":"https:\/\/www.downward-smiling-dog.ch\/"},{"@type":"ListItem","position":2,"name":"Home"}]},{"@type":"WebSite","@id":"https:\/\/www.downward-smiling-dog.ch\/#website","url":"https:\/\/www.downward-smiling-dog.ch\/","name":"downward-smiling-dog.ch","description":"","publisher":{"@id":"https:\/\/www.downward-smiling-dog.ch\/#organization"},"potentialAction":[{"@type":"SearchAction","target":{"@type":"EntryPoint","urlTemplate":"https:\/\/www.downward-smiling-dog.ch\/?s={search_term_string}"},"query-input":{"@type":"PropertyValueSpecification","valueRequired":true,"valueName":"search_term_string"}}],"inLanguage":"de"},{"@type":"Organization","@id":"https:\/\/www.downward-smiling-dog.ch\/#organization","name":"Downward Smiling Dog","url":"https:\/\/www.downward-smiling-dog.ch\/","logo":{"@type":"ImageObject","inLanguage":"de","@id":"https:\/\/www.downward-smiling-dog.ch\/#\/schema\/logo\/image\/","url":"https:\/\/www.downward-smiling-dog.ch\/wp-content\/uploads\/2021\/08\/cropped-cropped-cropped-Downfacing_Smiling_Dog_Logo-1.jpg","contentUrl":"https:\/\/www.downward-smiling-dog.ch\/wp-content\/uploads\/2021\/08\/cropped-cropped-cropped-Downfacing_Smiling_Dog_Logo-1.jpg","width":512,"height":512,"caption":"Downward Smiling Dog"},"image":{"@id":"https:\/\/www.downward-smiling-dog.ch\/#\/schema\/logo\/image\/"},"sameAs":["https:\/\/www.facebook.com\/tina.downwardsmilingdog","https:\/\/www.instagram.com\/downward_smiling_dog_yoga\/"]}]}},"_links":{"self":[{"href":"https:\/\/www.downward-smiling-dog.ch\/index.php?rest_route=\/wp\/v2\/pages\/93","targetHints":{"allow":["GET"]}}],"collection":[{"href":"https:\/\/www.downward-smiling-dog.ch\/index.php?rest_route=\/wp\/v2\/pages"}],"about":[{"href":"https:\/\/www.downward-smiling-dog.ch\/index.php?rest_route=\/wp\/v2\/types\/page"}],"author":[{"embeddable":true,"href":"https:\/\/www.downward-smiling-dog.ch\/index.php?rest_route=\/wp\/v2\/users\/1"}],"replies":[{"embeddable":true,"href":"https:\/\/www.downward-smiling-dog.ch\/index.php?rest_route=%2Fwp%2Fv2%2Fcomments&post=93"}],"version-history":[{"count":115,"href":"https:\/\/www.downward-smiling-dog.ch\/index.php?rest_route=\/wp\/v2\/pages\/93\/revisions"}],"predecessor-version":[{"id":635,"href":"https:\/\/www.downward-smiling-dog.ch\/index.php?rest_route=\/wp\/v2\/pages\/93\/revisions\/635"}],"wp:attachment":[{"href":"https:\/\/www.downward-smiling-dog.ch\/index.php?rest_route=%2Fwp%2Fv2%2Fmedia&parent=93"}],"curies":[{"name":"wp","href":"https:\/\/api.w.org\/{rel}","templated":true}]}}