{"id":56,"date":"2021-08-29T19:42:05","date_gmt":"2021-08-29T19:42:05","guid":{"rendered":"https:\/\/www.downward-smiling-dog.ch\/?page_id=56"},"modified":"2025-05-06T18:13:09","modified_gmt":"2025-05-06T18:13:09","slug":"hier-haben-wir-bereits-geholfen","status":"publish","type":"page","link":"https:\/\/www.downward-smiling-dog.ch\/?page_id=56","title":{"rendered":"Organisationen"},"content":{"rendered":"\n<p><strong>Aktuell<\/strong><\/p>\n\n\n\n<p>Im Moment machen wir Yoga f\u00fcr NetAP \u2013 Network for Animal Protection.<\/p>\n\n\n\n<p>NetAP ist eine international t\u00e4tige Tierschutzorganisation, die sich da einsetzt, wo die Not gross ist und die Hilfe die Lebensqualit\u00e4t der betroffenen Tiere nachhaltig verbessert. Dazu geh\u00f6ren Aktivit\u00e4ten wie Kastration\/Pr\u00e4vention, Tierheimhilfe, Katastrophenhilfe, Aufkl\u00e4rung und viele mehr.<\/p>\n\n\n\n<p>Weitere Infos findest du unter: <a href=\"https:\/\/netap.ch\/\" target=\"_blank\" rel=\"noreferrer noopener\">https:\/\/netap.ch\/<\/a><\/p>\n\n\n\n<p><strong>Bisherige Spenden<\/strong><\/p>\n\n\n\n<p><strong>Stiftung Das Tier und Wir<\/strong><\/p>\n\n\n\n<p>Die Stiftung bezweckt die F\u00f6rderung und st\u00e4rkere Ausbreitung des Tierethik-Gedankens in Kinderg\u00e4rten und Schulen aller Stufen.<\/p>\n\n\n\n<p>Mehr Infos findest du unter: <a href=\"https:\/\/www.tierundwir.ch\/\">https:\/\/www.tierundwir.ch\/<\/a><\/p>\n\n\n\n<p><strong>Lebenshof TierMensch<\/strong><\/p>\n\n\n\n<p>Der Lebenshof TierMensch bietet Tieren einen artgerecht gestalteten Lebensplatz. Darunter sind Tiere, die niemand mehr wollte, die vernachl\u00e4ssigt wurden oder die geschlachtet worden w\u00e4ren.<br>Viele der Tiere kommen aus der Massentierhaltung oder wurden instrumentalisiert zum Nutzen der Menschen. Auf dem Hof m\u00fcssen sie dies nicht mehr erleben, sondern werden als Individuum geachtet und respektiert.<\/p>\n\n\n\n<p>Mehr Infos findest du unter: <a href=\"https:\/\/www.tiermensch.ch\/\">https:\/\/www.tiermensch.ch\/<\/a><\/p>\n\n\n\n<p><strong>Tier im Fokus (TIF)<\/strong><\/p>\n\n\n\n<p><em>TIF<\/em> ist eine Schweizer Tierrechtsorganisation. Sie vertritt eine antispeziesistische Position, das heisst, sie lehnt jede Diskriminierung und Ausbeutung von empfindungsf\u00e4higen Lebewesen ab. Sie setzt sich f\u00fcr unver\u00e4usserliche Rechte aller Tiere ein, befasst sich aber schwerpunktm\u00e4ssig mit Nutztieren.<\/p>\n\n\n\n<p>Mehr Infos findest du unter: <a href=\"https:\/\/tier-im-fokus.ch\/\" target=\"_blank\" rel=\"noreferrer noopener\">https:\/\/tier-im-fokus.ch\/<\/a><\/p>\n\n\n\n<p><strong>Tier im Recht (TIR)<\/strong><\/p>\n\n\n\n<p>Seit 1996 setzt sich <em>Tier im Recht <\/em>f\u00fcr einen starken rechtlichen Tierschutz ein. Der Hauptzweck aller T\u00e4tigkeiten der <em>TIR<\/em> liegt in der kontinuierlichen Verbesserung der Mensch-Tier-Beziehung in Recht, Ethik und Gesellschaft.  <\/p>\n\n\n\n<p>Mehr Infos findest du unter:   <a rel=\"noreferrer noopener\" href=\"https:\/\/www.tierimrecht.org\/de\/\" target=\"_blank\">https:\/\/www.tierimrecht.org\/de<\/a><\/p>\n\n\n\n<p><strong>Network for Animal Protection (NetAP)<\/strong><\/p>\n\n\n\n<p>Am 11. M\u00e4rz haben wir Yoga f\u00fcr die Tiere in der Ukraine gemacht. Alle Einnahmen wurden zu 100% gespendet und so konnten wir 170.00 dem<em> Network for Animal Protection<\/em> \u00fcberweisen. <em>NetAP<\/em>&nbsp;ist eine international t\u00e4tige Tierschutzorganisation, die sich da einsetzt, wo die Not gross ist und die Hilfe die Lebensqualit\u00e4t der betroffenen Tiere nachhaltig verbessert. Die Organisation bezweckt die F\u00f6rderung s\u00e4mtlicher Anliegen des Tierschutzes und macht dabei keinen Unterschied zwischen den Tierarten.<\/p>\n\n\n\n<p>Mehr Infos findest du unter: <a href=\"https:\/\/www.netap.ch\/de\/\" data-type=\"URL\" data-id=\"https:\/\/www.netap.ch\/de\/\">https:\/\/www.netap.ch\/de\/<\/a><\/p>\n\n\n\n<p><strong>Sentience<\/strong><\/p>\n\n\n\n<p>Alle Einnahmen der Weihnachts-Yoga-Lektion vom 3.  Dezember 2021 wurden zu 100% gespendet und verdoppelt.  Somit konnten 150.00  an <em>Sentience<\/em> \u00fcberwiesen werden. <em>Sentience<\/em> setzt sich f\u00fcr die Interessen nicht-menschlicher Tiere in unserer Gesellschaft ein. Besonders im Fokus stehen dabei die Themen Landwirtschaft, Konsum und Tierw\u00fcrde.<\/p>\n\n\n\n<p>Mehr Infos findest du unter: <a href=\"https:\/\/sentience.ch\/de\/\">https:\/\/sentience.ch\/de<\/a><\/p>\n\n\n\n<p><\/p>\n\n\n\n<p><\/p>\n\n\n\n<p><\/p>\n\n\n<div class=\"wp-block-image\">\n<figure class=\"alignright size-large is-resized\"><img loading=\"lazy\" decoding=\"async\" width=\"1024\" height=\"1024\" src=\"https:\/\/www.downward-smiling-dog.ch\/wp-content\/uploads\/2021\/08\/210701_01_Dog_Kopf-1024x1024.png\" alt=\"\" class=\"wp-image-69\" style=\"width:597px;height:597px\" srcset=\"https:\/\/www.downward-smiling-dog.ch\/wp-content\/uploads\/2021\/08\/210701_01_Dog_Kopf-1024x1024.png 1024w, https:\/\/www.downward-smiling-dog.ch\/wp-content\/uploads\/2021\/08\/210701_01_Dog_Kopf-300x300.png 300w, https:\/\/www.downward-smiling-dog.ch\/wp-content\/uploads\/2021\/08\/210701_01_Dog_Kopf-150x150.png 150w, https:\/\/www.downward-smiling-dog.ch\/wp-content\/uploads\/2021\/08\/210701_01_Dog_Kopf-768x768.png 768w, https:\/\/www.downward-smiling-dog.ch\/wp-content\/uploads\/2021\/08\/210701_01_Dog_Kopf-180x180.png 180w, https:\/\/www.downward-smiling-dog.ch\/wp-content\/uploads\/2021\/08\/210701_01_Dog_Kopf.png 1200w\" sizes=\"auto, (max-width: 1024px) 100vw, 1024px\" \/><\/figure><\/div>","protected":false},"excerpt":{"rendered":"<p>Aktuell Im Moment machen wir Yoga f\u00fcr NetAP \u2013 Network for Animal Protection. NetAP ist eine international t\u00e4tige Tierschutzorganisation, die sich da einsetzt, wo die Not gross ist und die Hilfe die Lebensqualit\u00e4t der betroffenen Tiere nachhaltig verbessert. Dazu geh\u00f6ren Aktivit\u00e4ten wie Kastration\/Pr\u00e4vention, Tierheimhilfe, Katastrophenhilfe, Aufkl\u00e4rung und viele mehr. Weitere Infos findest du unter: https:\/\/netap.ch\/&hellip; <a href=\"https:\/\/www.downward-smiling-dog.ch\/?page_id=56\" class=\"more-link\">Weiterlesen <span class=\"screen-reader-text\">Organisationen<\/span><\/a><\/p>\n","protected":false},"author":1,"featured_media":0,"parent":0,"menu_order":0,"comment_status":"closed","ping_status":"closed","template":"","meta":{"sfsi_plus_gutenberg_text_before_share":"","sfsi_plus_gutenberg_show_text_before_share":"","sfsi_plus_gutenberg_icon_type":"","sfsi_plus_gutenberg_icon_alignemt":"","sfsi_plus_gutenburg_max_per_row":"","footnotes":""},"class_list":["post-56","page","type-page","status-publish","hentry","without-featured-image"],"yoast_head":"<!-- This site is optimized with the Yoast SEO plugin v25.0 - https:\/\/yoast.com\/wordpress\/plugins\/seo\/ -->\n<title>Organisationen -<\/title>\n<meta name=\"robots\" content=\"index, follow, max-snippet:-1, max-image-preview:large, max-video-preview:-1\" \/>\n<link rel=\"canonical\" href=\"https:\/\/www.downward-smiling-dog.ch\/?page_id=56\" \/>\n<meta property=\"og:locale\" content=\"de_DE\" \/>\n<meta property=\"og:type\" content=\"article\" \/>\n<meta property=\"og:title\" content=\"Organisationen -\" \/>\n<meta property=\"og:description\" content=\"Aktuell Im Moment machen wir Yoga f\u00fcr NetAP \u2013 Network for Animal Protection. NetAP ist eine international t\u00e4tige Tierschutzorganisation, die sich da einsetzt, wo die Not gross ist und die Hilfe die Lebensqualit\u00e4t der betroffenen Tiere nachhaltig verbessert. Dazu geh\u00f6ren Aktivit\u00e4ten wie Kastration\/Pr\u00e4vention, Tierheimhilfe, Katastrophenhilfe, Aufkl\u00e4rung und viele mehr. Weitere Infos findest du unter: https:\/\/netap.ch\/&hellip; Weiterlesen Organisationen\" \/>\n<meta property=\"og:url\" content=\"https:\/\/www.downward-smiling-dog.ch\/?page_id=56\" \/>\n<meta property=\"article:publisher\" content=\"https:\/\/www.facebook.com\/tina.downwardsmilingdog\" \/>\n<meta property=\"article:modified_time\" content=\"2025-05-06T18:13:09+00:00\" \/>\n<meta property=\"og:image\" content=\"https:\/\/www.downward-smiling-dog.ch\/wp-content\/uploads\/2021\/08\/210701_01_Dog_Kopf.png\" \/>\n\t<meta property=\"og:image:width\" content=\"1200\" \/>\n\t<meta property=\"og:image:height\" content=\"1200\" \/>\n\t<meta property=\"og:image:type\" content=\"image\/png\" \/>\n<meta name=\"twitter:card\" content=\"summary_large_image\" \/>\n<meta name=\"twitter:label1\" content=\"Gesch\u00e4tzte Lesezeit\" \/>\n\t<meta name=\"twitter:data1\" content=\"3\u00a0Minuten\" \/>\n<script type=\"application\/ld+json\" class=\"yoast-schema-graph\">{\"@context\":\"https:\/\/schema.org\",\"@graph\":[{\"@type\":\"WebPage\",\"@id\":\"https:\/\/www.downward-smiling-dog.ch\/?page_id=56\",\"url\":\"https:\/\/www.downward-smiling-dog.ch\/?page_id=56\",\"name\":\"Organisationen -\",\"isPartOf\":{\"@id\":\"https:\/\/www.downward-smiling-dog.ch\/#website\"},\"primaryImageOfPage\":{\"@id\":\"https:\/\/www.downward-smiling-dog.ch\/?page_id=56#primaryimage\"},\"image\":{\"@id\":\"https:\/\/www.downward-smiling-dog.ch\/?page_id=56#primaryimage\"},\"thumbnailUrl\":\"https:\/\/www.downward-smiling-dog.ch\/wp-content\/uploads\/2021\/08\/210701_01_Dog_Kopf-1024x1024.png\",\"datePublished\":\"2021-08-29T19:42:05+00:00\",\"dateModified\":\"2025-05-06T18:13:09+00:00\",\"breadcrumb\":{\"@id\":\"https:\/\/www.downward-smiling-dog.ch\/?page_id=56#breadcrumb\"},\"inLanguage\":\"de\",\"potentialAction\":[{\"@type\":\"ReadAction\",\"target\":[\"https:\/\/www.downward-smiling-dog.ch\/?page_id=56\"]}]},{\"@type\":\"ImageObject\",\"inLanguage\":\"de\",\"@id\":\"https:\/\/www.downward-smiling-dog.ch\/?page_id=56#primaryimage\",\"url\":\"https:\/\/www.downward-smiling-dog.ch\/wp-content\/uploads\/2021\/08\/210701_01_Dog_Kopf.png\",\"contentUrl\":\"https:\/\/www.downward-smiling-dog.ch\/wp-content\/uploads\/2021\/08\/210701_01_Dog_Kopf.png\",\"width\":1200,\"height\":1200},{\"@type\":\"BreadcrumbList\",\"@id\":\"https:\/\/www.downward-smiling-dog.ch\/?page_id=56#breadcrumb\",\"itemListElement\":[{\"@type\":\"ListItem\",\"position\":1,\"name\":\"Startseite\",\"item\":\"https:\/\/www.downward-smiling-dog.ch\/\"},{\"@type\":\"ListItem\",\"position\":2,\"name\":\"Organisationen\"}]},{\"@type\":\"WebSite\",\"@id\":\"https:\/\/www.downward-smiling-dog.ch\/#website\",\"url\":\"https:\/\/www.downward-smiling-dog.ch\/\",\"name\":\"downward-smiling-dog.ch\",\"description\":\"\",\"publisher\":{\"@id\":\"https:\/\/www.downward-smiling-dog.ch\/#organization\"},\"potentialAction\":[{\"@type\":\"SearchAction\",\"target\":{\"@type\":\"EntryPoint\",\"urlTemplate\":\"https:\/\/www.downward-smiling-dog.ch\/?s={search_term_string}\"},\"query-input\":{\"@type\":\"PropertyValueSpecification\",\"valueRequired\":true,\"valueName\":\"search_term_string\"}}],\"inLanguage\":\"de\"},{\"@type\":\"Organization\",\"@id\":\"https:\/\/www.downward-smiling-dog.ch\/#organization\",\"name\":\"Downward Smiling Dog\",\"url\":\"https:\/\/www.downward-smiling-dog.ch\/\",\"logo\":{\"@type\":\"ImageObject\",\"inLanguage\":\"de\",\"@id\":\"https:\/\/www.downward-smiling-dog.ch\/#\/schema\/logo\/image\/\",\"url\":\"https:\/\/www.downward-smiling-dog.ch\/wp-content\/uploads\/2021\/08\/cropped-cropped-cropped-Downfacing_Smiling_Dog_Logo-1.jpg\",\"contentUrl\":\"https:\/\/www.downward-smiling-dog.ch\/wp-content\/uploads\/2021\/08\/cropped-cropped-cropped-Downfacing_Smiling_Dog_Logo-1.jpg\",\"width\":512,\"height\":512,\"caption\":\"Downward Smiling Dog\"},\"image\":{\"@id\":\"https:\/\/www.downward-smiling-dog.ch\/#\/schema\/logo\/image\/\"},\"sameAs\":[\"https:\/\/www.facebook.com\/tina.downwardsmilingdog\",\"https:\/\/www.instagram.com\/downward_smiling_dog_yoga\/\"]}]}<\/script>\n<!-- \/ Yoast SEO plugin. -->","yoast_head_json":{"title":"Organisationen -","robots":{"index":"index","follow":"follow","max-snippet":"max-snippet:-1","max-image-preview":"max-image-preview:large","max-video-preview":"max-video-preview:-1"},"canonical":"https:\/\/www.downward-smiling-dog.ch\/?page_id=56","og_locale":"de_DE","og_type":"article","og_title":"Organisationen -","og_description":"Aktuell Im Moment machen wir Yoga f\u00fcr NetAP \u2013 Network for Animal Protection. NetAP ist eine international t\u00e4tige Tierschutzorganisation, die sich da einsetzt, wo die Not gross ist und die Hilfe die Lebensqualit\u00e4t der betroffenen Tiere nachhaltig verbessert. Dazu geh\u00f6ren Aktivit\u00e4ten wie Kastration\/Pr\u00e4vention, Tierheimhilfe, Katastrophenhilfe, Aufkl\u00e4rung und viele mehr. Weitere Infos findest du unter: https:\/\/netap.ch\/&hellip; Weiterlesen Organisationen","og_url":"https:\/\/www.downward-smiling-dog.ch\/?page_id=56","article_publisher":"https:\/\/www.facebook.com\/tina.downwardsmilingdog","article_modified_time":"2025-05-06T18:13:09+00:00","og_image":[{"width":1200,"height":1200,"url":"https:\/\/www.downward-smiling-dog.ch\/wp-content\/uploads\/2021\/08\/210701_01_Dog_Kopf.png","type":"image\/png"}],"twitter_card":"summary_large_image","twitter_misc":{"Gesch\u00e4tzte Lesezeit":"3\u00a0Minuten"},"schema":{"@context":"https:\/\/schema.org","@graph":[{"@type":"WebPage","@id":"https:\/\/www.downward-smiling-dog.ch\/?page_id=56","url":"https:\/\/www.downward-smiling-dog.ch\/?page_id=56","name":"Organisationen -","isPartOf":{"@id":"https:\/\/www.downward-smiling-dog.ch\/#website"},"primaryImageOfPage":{"@id":"https:\/\/www.downward-smiling-dog.ch\/?page_id=56#primaryimage"},"image":{"@id":"https:\/\/www.downward-smiling-dog.ch\/?page_id=56#primaryimage"},"thumbnailUrl":"https:\/\/www.downward-smiling-dog.ch\/wp-content\/uploads\/2021\/08\/210701_01_Dog_Kopf-1024x1024.png","datePublished":"2021-08-29T19:42:05+00:00","dateModified":"2025-05-06T18:13:09+00:00","breadcrumb":{"@id":"https:\/\/www.downward-smiling-dog.ch\/?page_id=56#breadcrumb"},"inLanguage":"de","potentialAction":[{"@type":"ReadAction","target":["https:\/\/www.downward-smiling-dog.ch\/?page_id=56"]}]},{"@type":"ImageObject","inLanguage":"de","@id":"https:\/\/www.downward-smiling-dog.ch\/?page_id=56#primaryimage","url":"https:\/\/www.downward-smiling-dog.ch\/wp-content\/uploads\/2021\/08\/210701_01_Dog_Kopf.png","contentUrl":"https:\/\/www.downward-smiling-dog.ch\/wp-content\/uploads\/2021\/08\/210701_01_Dog_Kopf.png","width":1200,"height":1200},{"@type":"BreadcrumbList","@id":"https:\/\/www.downward-smiling-dog.ch\/?page_id=56#breadcrumb","itemListElement":[{"@type":"ListItem","position":1,"name":"Startseite","item":"https:\/\/www.downward-smiling-dog.ch\/"},{"@type":"ListItem","position":2,"name":"Organisationen"}]},{"@type":"WebSite","@id":"https:\/\/www.downward-smiling-dog.ch\/#website","url":"https:\/\/www.downward-smiling-dog.ch\/","name":"downward-smiling-dog.ch","description":"","publisher":{"@id":"https:\/\/www.downward-smiling-dog.ch\/#organization"},"potentialAction":[{"@type":"SearchAction","target":{"@type":"EntryPoint","urlTemplate":"https:\/\/www.downward-smiling-dog.ch\/?s={search_term_string}"},"query-input":{"@type":"PropertyValueSpecification","valueRequired":true,"valueName":"search_term_string"}}],"inLanguage":"de"},{"@type":"Organization","@id":"https:\/\/www.downward-smiling-dog.ch\/#organization","name":"Downward Smiling Dog","url":"https:\/\/www.downward-smiling-dog.ch\/","logo":{"@type":"ImageObject","inLanguage":"de","@id":"https:\/\/www.downward-smiling-dog.ch\/#\/schema\/logo\/image\/","url":"https:\/\/www.downward-smiling-dog.ch\/wp-content\/uploads\/2021\/08\/cropped-cropped-cropped-Downfacing_Smiling_Dog_Logo-1.jpg","contentUrl":"https:\/\/www.downward-smiling-dog.ch\/wp-content\/uploads\/2021\/08\/cropped-cropped-cropped-Downfacing_Smiling_Dog_Logo-1.jpg","width":512,"height":512,"caption":"Downward Smiling Dog"},"image":{"@id":"https:\/\/www.downward-smiling-dog.ch\/#\/schema\/logo\/image\/"},"sameAs":["https:\/\/www.facebook.com\/tina.downwardsmilingdog","https:\/\/www.instagram.com\/downward_smiling_dog_yoga\/"]}]}},"_links":{"self":[{"href":"https:\/\/www.downward-smiling-dog.ch\/index.php?rest_route=\/wp\/v2\/pages\/56","targetHints":{"allow":["GET"]}}],"collection":[{"href":"https:\/\/www.downward-smiling-dog.ch\/index.php?rest_route=\/wp\/v2\/pages"}],"about":[{"href":"https:\/\/www.downward-smiling-dog.ch\/index.php?rest_route=\/wp\/v2\/types\/page"}],"author":[{"embeddable":true,"href":"https:\/\/www.downward-smiling-dog.ch\/index.php?rest_route=\/wp\/v2\/users\/1"}],"replies":[{"embeddable":true,"href":"https:\/\/www.downward-smiling-dog.ch\/index.php?rest_route=%2Fwp%2Fv2%2Fcomments&post=56"}],"version-history":[{"count":33,"href":"https:\/\/www.downward-smiling-dog.ch\/index.php?rest_route=\/wp\/v2\/pages\/56\/revisions"}],"predecessor-version":[{"id":627,"href":"https:\/\/www.downward-smiling-dog.ch\/index.php?rest_route=\/wp\/v2\/pages\/56\/revisions\/627"}],"wp:attachment":[{"href":"https:\/\/www.downward-smiling-dog.ch\/index.php?rest_route=%2Fwp%2Fv2%2Fmedia&parent=56"}],"curies":[{"name":"wp","href":"https:\/\/api.w.org\/{rel}","templated":true}]}}