{"id":257,"date":"2021-10-12T19:47:19","date_gmt":"2021-10-12T19:47:19","guid":{"rendered":"https:\/\/www.downward-smiling-dog.ch\/?page_id=257"},"modified":"2022-07-23T12:23:24","modified_gmt":"2022-07-23T12:23:24","slug":"viniyoga","status":"publish","type":"page","link":"https:\/\/www.downward-smiling-dog.ch\/?page_id=257","title":{"rendered":"Yoga"},"content":{"rendered":"\n<p>Es gibt viele verschiedene Yogastile (Power Yoga, Hatha Yoga, Yin Yoga etc.). Am Institut f\u00fcr Komplement\u00e4rtherapie wird uns das Konzept von \u00abViniyoga\u00bb vermittelt.<\/p>\n\n\n\n<p>\u201eVini\u201c ist Sanskrit und bedeutet \u201ebesondere Anwendung\u201c. Wir gehen davon aus, dass jeder Mensch einzigartig ist und sich immer wieder ver\u00e4ndert. Es geht also um die Anpassung der \u00dcbungen an den Praktizierenden und somit nicht um die perfekte Ausrichtung der K\u00f6rperhaltungen. Jeder \u00fcbt nach ihren\/seinen individuellen F\u00e4higkeiten und Bed\u00fcrfnissen.<\/p>\n\n\n\n<p>Viniyoga ist also kein Stil sondern vielmehr eine Methode den Yoga anzuwenden. Den Ursprung finden wir bei Sri T. Krishnamacharya (1888-1989), der den gesamten Yoga des 20. Jahrhunderts in Indien wie auch im Westen nachhaltig gepr\u00e4gt hat. Sein Sohn T.K.V. Desikachar (1938-2016) f\u00fchrte seine Lehren weiter. Krishnamacharyas Ansatz lautete:<\/p>\n\n\n\n<p><em>\u201eJedes Asanas (Yoga-K\u00f6rperhaltung) muss an den Menschen angepasst werden, nicht der Mensch an das Asana\u201c<\/em><\/p>\n\n\n\n<p>Durch diese individuellen Anpassungen und Alternativen eignen sich meine Kurse gleichermassen f\u00fcr Anf\u00e4nger sowie f\u00fcr fortgeschrittene Yogis. Gerne kannst du auch f\u00fcr eine Schnupperlektion vorbeischauen.<\/p>\n\n\n\n<p>Ich gestalte meinen Unterricht mit folgenden Elementen: Yoga-K\u00f6rperhaltungen (Asanas), Bewegungsabl\u00e4ufen (Vinyasa), Atem\u00fcbungen (Pr\u0101\u1e47\u0101y\u0101ma), Meditationen und Finger- und Handgesten (Mudras)<\/p>\n\n\n\n<p><\/p>\n\n\n\n<div class=\"wp-block-columns is-layout-flex wp-container-core-columns-is-layout-9d6595d7 wp-block-columns-is-layout-flex\">\n<div class=\"wp-block-column is-layout-flow wp-block-column-is-layout-flow\" style=\"flex-basis:100%\">\n<div class=\"wp-block-group\"><div class=\"wp-block-group__inner-container is-layout-flow wp-block-group-is-layout-flow\">\n<figure class=\"wp-block-gallery aligncenter columns-3 is-cropped wp-block-gallery-1 is-layout-flex wp-block-gallery-is-layout-flex\"><ul class=\"blocks-gallery-grid\"><li class=\"blocks-gallery-item\"><figure><img loading=\"lazy\" decoding=\"async\" width=\"768\" height=\"1024\" src=\"https:\/\/www.downward-smiling-dog.ch\/wp-content\/uploads\/2022\/03\/FotoNicole-768x1024.jpg\" alt=\"\" data-id=\"441\" data-link=\"https:\/\/www.downward-smiling-dog.ch\/?attachment_id=441\" class=\"wp-image-441\" srcset=\"https:\/\/www.downward-smiling-dog.ch\/wp-content\/uploads\/2022\/03\/FotoNicole-768x1024.jpg 768w, https:\/\/www.downward-smiling-dog.ch\/wp-content\/uploads\/2022\/03\/FotoNicole-225x300.jpg 225w, https:\/\/www.downward-smiling-dog.ch\/wp-content\/uploads\/2022\/03\/FotoNicole.jpg 960w\" sizes=\"auto, (max-width: 768px) 100vw, 768px\" \/><\/figure><\/li><li class=\"blocks-gallery-item\"><figure><img loading=\"lazy\" decoding=\"async\" width=\"1024\" height=\"801\" src=\"https:\/\/www.downward-smiling-dog.ch\/wp-content\/uploads\/2022\/01\/thumbnail_Image2-1024x801.jpg\" alt=\"\" data-id=\"382\" data-link=\"https:\/\/www.downward-smiling-dog.ch\/?attachment_id=382\" class=\"wp-image-382\" srcset=\"https:\/\/www.downward-smiling-dog.ch\/wp-content\/uploads\/2022\/01\/thumbnail_Image2-1024x801.jpg 1024w, https:\/\/www.downward-smiling-dog.ch\/wp-content\/uploads\/2022\/01\/thumbnail_Image2-300x235.jpg 300w, https:\/\/www.downward-smiling-dog.ch\/wp-content\/uploads\/2022\/01\/thumbnail_Image2-768x601.jpg 768w, https:\/\/www.downward-smiling-dog.ch\/wp-content\/uploads\/2022\/01\/thumbnail_Image2.jpg 1280w\" sizes=\"auto, (max-width: 1024px) 100vw, 1024px\" \/><\/figure><\/li><li class=\"blocks-gallery-item\"><figure><img loading=\"lazy\" decoding=\"async\" width=\"1024\" height=\"768\" src=\"https:\/\/www.downward-smiling-dog.ch\/wp-content\/uploads\/2022\/07\/YogaamSee.jpg\" alt=\"\" data-id=\"538\" data-full-url=\"https:\/\/www.downward-smiling-dog.ch\/wp-content\/uploads\/2022\/07\/YogaamSee.jpg\" data-link=\"https:\/\/www.downward-smiling-dog.ch\/?attachment_id=538\" class=\"wp-image-538\" srcset=\"https:\/\/www.downward-smiling-dog.ch\/wp-content\/uploads\/2022\/07\/YogaamSee.jpg 1024w, https:\/\/www.downward-smiling-dog.ch\/wp-content\/uploads\/2022\/07\/YogaamSee-300x225.jpg 300w, https:\/\/www.downward-smiling-dog.ch\/wp-content\/uploads\/2022\/07\/YogaamSee-768x576.jpg 768w\" sizes=\"auto, (max-width: 1024px) 100vw, 1024px\" \/><\/figure><\/li><\/ul><\/figure>\n<\/div><\/div>\n<\/div>\n<\/div>\n\n\n\n<p><\/p>\n","protected":false},"excerpt":{"rendered":"<p>Es gibt viele verschiedene Yogastile (Power Yoga, Hatha Yoga, Yin Yoga etc.). Am Institut f\u00fcr Komplement\u00e4rtherapie wird uns das Konzept von \u00abViniyoga\u00bb vermittelt. \u201eVini\u201c ist Sanskrit und bedeutet \u201ebesondere Anwendung\u201c. Wir gehen davon aus, dass jeder Mensch einzigartig ist und sich immer wieder ver\u00e4ndert. Es geht also um die Anpassung der \u00dcbungen an den Praktizierenden&hellip; <a href=\"https:\/\/www.downward-smiling-dog.ch\/?page_id=257\" class=\"more-link\">Weiterlesen <span class=\"screen-reader-text\">Yoga<\/span><\/a><\/p>\n","protected":false},"author":1,"featured_media":0,"parent":0,"menu_order":0,"comment_status":"closed","ping_status":"closed","template":"","meta":{"sfsi_plus_gutenberg_text_before_share":"","sfsi_plus_gutenberg_show_text_before_share":"","sfsi_plus_gutenberg_icon_type":"","sfsi_plus_gutenberg_icon_alignemt":"","sfsi_plus_gutenburg_max_per_row":"","footnotes":""},"class_list":["post-257","page","type-page","status-publish","hentry","without-featured-image"],"yoast_head":"<!-- This site is optimized with the Yoast SEO plugin v25.0 - https:\/\/yoast.com\/wordpress\/plugins\/seo\/ -->\n<title>Yoga -<\/title>\n<meta name=\"robots\" content=\"index, follow, max-snippet:-1, max-image-preview:large, max-video-preview:-1\" \/>\n<link rel=\"canonical\" href=\"https:\/\/www.downward-smiling-dog.ch\/?page_id=257\" \/>\n<meta property=\"og:locale\" content=\"de_DE\" \/>\n<meta property=\"og:type\" content=\"article\" \/>\n<meta property=\"og:title\" content=\"Yoga -\" \/>\n<meta property=\"og:description\" content=\"Es gibt viele verschiedene Yogastile (Power Yoga, Hatha Yoga, Yin Yoga etc.). Am Institut f\u00fcr Komplement\u00e4rtherapie wird uns das Konzept von \u00abViniyoga\u00bb vermittelt. \u201eVini\u201c ist Sanskrit und bedeutet \u201ebesondere Anwendung\u201c. Wir gehen davon aus, dass jeder Mensch einzigartig ist und sich immer wieder ver\u00e4ndert. Es geht also um die Anpassung der \u00dcbungen an den Praktizierenden&hellip; Weiterlesen Yoga\" \/>\n<meta property=\"og:url\" content=\"https:\/\/www.downward-smiling-dog.ch\/?page_id=257\" \/>\n<meta property=\"article:publisher\" content=\"https:\/\/www.facebook.com\/tina.downwardsmilingdog\" \/>\n<meta property=\"article:modified_time\" content=\"2022-07-23T12:23:24+00:00\" \/>\n<meta property=\"og:image\" content=\"https:\/\/www.downward-smiling-dog.ch\/wp-content\/uploads\/2022\/03\/FotoNicole-768x1024.jpg\" \/>\n<meta name=\"twitter:card\" content=\"summary_large_image\" \/>\n<meta name=\"twitter:label1\" content=\"Gesch\u00e4tzte Lesezeit\" \/>\n\t<meta name=\"twitter:data1\" content=\"1\u00a0Minute\" \/>\n<script type=\"application\/ld+json\" class=\"yoast-schema-graph\">{\"@context\":\"https:\/\/schema.org\",\"@graph\":[{\"@type\":\"WebPage\",\"@id\":\"https:\/\/www.downward-smiling-dog.ch\/?page_id=257\",\"url\":\"https:\/\/www.downward-smiling-dog.ch\/?page_id=257\",\"name\":\"Yoga -\",\"isPartOf\":{\"@id\":\"https:\/\/www.downward-smiling-dog.ch\/#website\"},\"primaryImageOfPage\":{\"@id\":\"https:\/\/www.downward-smiling-dog.ch\/?page_id=257#primaryimage\"},\"image\":{\"@id\":\"https:\/\/www.downward-smiling-dog.ch\/?page_id=257#primaryimage\"},\"thumbnailUrl\":\"https:\/\/www.downward-smiling-dog.ch\/wp-content\/uploads\/2022\/03\/FotoNicole-768x1024.jpg\",\"datePublished\":\"2021-10-12T19:47:19+00:00\",\"dateModified\":\"2022-07-23T12:23:24+00:00\",\"breadcrumb\":{\"@id\":\"https:\/\/www.downward-smiling-dog.ch\/?page_id=257#breadcrumb\"},\"inLanguage\":\"de\",\"potentialAction\":[{\"@type\":\"ReadAction\",\"target\":[\"https:\/\/www.downward-smiling-dog.ch\/?page_id=257\"]}]},{\"@type\":\"ImageObject\",\"inLanguage\":\"de\",\"@id\":\"https:\/\/www.downward-smiling-dog.ch\/?page_id=257#primaryimage\",\"url\":\"https:\/\/www.downward-smiling-dog.ch\/wp-content\/uploads\/2022\/03\/FotoNicole.jpg\",\"contentUrl\":\"https:\/\/www.downward-smiling-dog.ch\/wp-content\/uploads\/2022\/03\/FotoNicole.jpg\",\"width\":960,\"height\":1280},{\"@type\":\"BreadcrumbList\",\"@id\":\"https:\/\/www.downward-smiling-dog.ch\/?page_id=257#breadcrumb\",\"itemListElement\":[{\"@type\":\"ListItem\",\"position\":1,\"name\":\"Startseite\",\"item\":\"https:\/\/www.downward-smiling-dog.ch\/\"},{\"@type\":\"ListItem\",\"position\":2,\"name\":\"Yoga\"}]},{\"@type\":\"WebSite\",\"@id\":\"https:\/\/www.downward-smiling-dog.ch\/#website\",\"url\":\"https:\/\/www.downward-smiling-dog.ch\/\",\"name\":\"downward-smiling-dog.ch\",\"description\":\"\",\"publisher\":{\"@id\":\"https:\/\/www.downward-smiling-dog.ch\/#organization\"},\"potentialAction\":[{\"@type\":\"SearchAction\",\"target\":{\"@type\":\"EntryPoint\",\"urlTemplate\":\"https:\/\/www.downward-smiling-dog.ch\/?s={search_term_string}\"},\"query-input\":{\"@type\":\"PropertyValueSpecification\",\"valueRequired\":true,\"valueName\":\"search_term_string\"}}],\"inLanguage\":\"de\"},{\"@type\":\"Organization\",\"@id\":\"https:\/\/www.downward-smiling-dog.ch\/#organization\",\"name\":\"Downward Smiling Dog\",\"url\":\"https:\/\/www.downward-smiling-dog.ch\/\",\"logo\":{\"@type\":\"ImageObject\",\"inLanguage\":\"de\",\"@id\":\"https:\/\/www.downward-smiling-dog.ch\/#\/schema\/logo\/image\/\",\"url\":\"https:\/\/www.downward-smiling-dog.ch\/wp-content\/uploads\/2021\/08\/cropped-cropped-cropped-Downfacing_Smiling_Dog_Logo-1.jpg\",\"contentUrl\":\"https:\/\/www.downward-smiling-dog.ch\/wp-content\/uploads\/2021\/08\/cropped-cropped-cropped-Downfacing_Smiling_Dog_Logo-1.jpg\",\"width\":512,\"height\":512,\"caption\":\"Downward Smiling Dog\"},\"image\":{\"@id\":\"https:\/\/www.downward-smiling-dog.ch\/#\/schema\/logo\/image\/\"},\"sameAs\":[\"https:\/\/www.facebook.com\/tina.downwardsmilingdog\",\"https:\/\/www.instagram.com\/downward_smiling_dog_yoga\/\"]}]}<\/script>\n<!-- \/ Yoast SEO plugin. -->","yoast_head_json":{"title":"Yoga -","robots":{"index":"index","follow":"follow","max-snippet":"max-snippet:-1","max-image-preview":"max-image-preview:large","max-video-preview":"max-video-preview:-1"},"canonical":"https:\/\/www.downward-smiling-dog.ch\/?page_id=257","og_locale":"de_DE","og_type":"article","og_title":"Yoga -","og_description":"Es gibt viele verschiedene Yogastile (Power Yoga, Hatha Yoga, Yin Yoga etc.). Am Institut f\u00fcr Komplement\u00e4rtherapie wird uns das Konzept von \u00abViniyoga\u00bb vermittelt. \u201eVini\u201c ist Sanskrit und bedeutet \u201ebesondere Anwendung\u201c. Wir gehen davon aus, dass jeder Mensch einzigartig ist und sich immer wieder ver\u00e4ndert. Es geht also um die Anpassung der \u00dcbungen an den Praktizierenden&hellip; Weiterlesen Yoga","og_url":"https:\/\/www.downward-smiling-dog.ch\/?page_id=257","article_publisher":"https:\/\/www.facebook.com\/tina.downwardsmilingdog","article_modified_time":"2022-07-23T12:23:24+00:00","og_image":[{"url":"https:\/\/www.downward-smiling-dog.ch\/wp-content\/uploads\/2022\/03\/FotoNicole-768x1024.jpg","type":"","width":"","height":""}],"twitter_card":"summary_large_image","twitter_misc":{"Gesch\u00e4tzte Lesezeit":"1\u00a0Minute"},"schema":{"@context":"https:\/\/schema.org","@graph":[{"@type":"WebPage","@id":"https:\/\/www.downward-smiling-dog.ch\/?page_id=257","url":"https:\/\/www.downward-smiling-dog.ch\/?page_id=257","name":"Yoga -","isPartOf":{"@id":"https:\/\/www.downward-smiling-dog.ch\/#website"},"primaryImageOfPage":{"@id":"https:\/\/www.downward-smiling-dog.ch\/?page_id=257#primaryimage"},"image":{"@id":"https:\/\/www.downward-smiling-dog.ch\/?page_id=257#primaryimage"},"thumbnailUrl":"https:\/\/www.downward-smiling-dog.ch\/wp-content\/uploads\/2022\/03\/FotoNicole-768x1024.jpg","datePublished":"2021-10-12T19:47:19+00:00","dateModified":"2022-07-23T12:23:24+00:00","breadcrumb":{"@id":"https:\/\/www.downward-smiling-dog.ch\/?page_id=257#breadcrumb"},"inLanguage":"de","potentialAction":[{"@type":"ReadAction","target":["https:\/\/www.downward-smiling-dog.ch\/?page_id=257"]}]},{"@type":"ImageObject","inLanguage":"de","@id":"https:\/\/www.downward-smiling-dog.ch\/?page_id=257#primaryimage","url":"https:\/\/www.downward-smiling-dog.ch\/wp-content\/uploads\/2022\/03\/FotoNicole.jpg","contentUrl":"https:\/\/www.downward-smiling-dog.ch\/wp-content\/uploads\/2022\/03\/FotoNicole.jpg","width":960,"height":1280},{"@type":"BreadcrumbList","@id":"https:\/\/www.downward-smiling-dog.ch\/?page_id=257#breadcrumb","itemListElement":[{"@type":"ListItem","position":1,"name":"Startseite","item":"https:\/\/www.downward-smiling-dog.ch\/"},{"@type":"ListItem","position":2,"name":"Yoga"}]},{"@type":"WebSite","@id":"https:\/\/www.downward-smiling-dog.ch\/#website","url":"https:\/\/www.downward-smiling-dog.ch\/","name":"downward-smiling-dog.ch","description":"","publisher":{"@id":"https:\/\/www.downward-smiling-dog.ch\/#organization"},"potentialAction":[{"@type":"SearchAction","target":{"@type":"EntryPoint","urlTemplate":"https:\/\/www.downward-smiling-dog.ch\/?s={search_term_string}"},"query-input":{"@type":"PropertyValueSpecification","valueRequired":true,"valueName":"search_term_string"}}],"inLanguage":"de"},{"@type":"Organization","@id":"https:\/\/www.downward-smiling-dog.ch\/#organization","name":"Downward Smiling Dog","url":"https:\/\/www.downward-smiling-dog.ch\/","logo":{"@type":"ImageObject","inLanguage":"de","@id":"https:\/\/www.downward-smiling-dog.ch\/#\/schema\/logo\/image\/","url":"https:\/\/www.downward-smiling-dog.ch\/wp-content\/uploads\/2021\/08\/cropped-cropped-cropped-Downfacing_Smiling_Dog_Logo-1.jpg","contentUrl":"https:\/\/www.downward-smiling-dog.ch\/wp-content\/uploads\/2021\/08\/cropped-cropped-cropped-Downfacing_Smiling_Dog_Logo-1.jpg","width":512,"height":512,"caption":"Downward Smiling Dog"},"image":{"@id":"https:\/\/www.downward-smiling-dog.ch\/#\/schema\/logo\/image\/"},"sameAs":["https:\/\/www.facebook.com\/tina.downwardsmilingdog","https:\/\/www.instagram.com\/downward_smiling_dog_yoga\/"]}]}},"_links":{"self":[{"href":"https:\/\/www.downward-smiling-dog.ch\/index.php?rest_route=\/wp\/v2\/pages\/257","targetHints":{"allow":["GET"]}}],"collection":[{"href":"https:\/\/www.downward-smiling-dog.ch\/index.php?rest_route=\/wp\/v2\/pages"}],"about":[{"href":"https:\/\/www.downward-smiling-dog.ch\/index.php?rest_route=\/wp\/v2\/types\/page"}],"author":[{"embeddable":true,"href":"https:\/\/www.downward-smiling-dog.ch\/index.php?rest_route=\/wp\/v2\/users\/1"}],"replies":[{"embeddable":true,"href":"https:\/\/www.downward-smiling-dog.ch\/index.php?rest_route=%2Fwp%2Fv2%2Fcomments&post=257"}],"version-history":[{"count":14,"href":"https:\/\/www.downward-smiling-dog.ch\/index.php?rest_route=\/wp\/v2\/pages\/257\/revisions"}],"predecessor-version":[{"id":539,"href":"https:\/\/www.downward-smiling-dog.ch\/index.php?rest_route=\/wp\/v2\/pages\/257\/revisions\/539"}],"wp:attachment":[{"href":"https:\/\/www.downward-smiling-dog.ch\/index.php?rest_route=%2Fwp%2Fv2%2Fmedia&parent=257"}],"curies":[{"name":"wp","href":"https:\/\/api.w.org\/{rel}","templated":true}]}}