{"id":17,"date":"2021-08-28T19:30:30","date_gmt":"2021-08-28T19:30:30","guid":{"rendered":"https:\/\/www.downward-smiling-dog.ch\/?page_id=17"},"modified":"2025-06-03T07:20:01","modified_gmt":"2025-06-03T07:20:01","slug":"angebot-preise","status":"publish","type":"page","link":"https:\/\/www.downward-smiling-dog.ch\/?page_id=17","title":{"rendered":"Kurse"},"content":{"rendered":"\n\n\n<p>Wann: Momentan finden die Lektionen ungef\u00e4hr einmal pro Monat statt. Du findest das n\u00e4chste Datum jeweils hier oder auf Instagram.<\/p>\n\n\n\n<p>NEXT: <\/p>\n\n\n\n<p>Chunt gli \ud83d\ude42<\/p>\n\n\n\n<p>Ort: Studio Formados, Hotelgasse 6, 3011 Bern<\/p>\n\n\n\n<p>Kosten: Du bezahlst so viel du m\u00f6chtest und f\u00fcr dich m\u00f6glich ist. Die H\u00e4lfte davon gebe ich weiter.<\/p>\n\n\n\n<p><\/p>\n\n\n\n<p><\/p>\n\n\n\n<p><\/p>\n\n\n\n<p><\/p>\n","protected":false},"excerpt":{"rendered":"<p>Wann: Momentan finden die Lektionen ungef\u00e4hr einmal pro Monat statt. Du findest das n\u00e4chste Datum jeweils hier oder auf Instagram. NEXT: Chunt gli \ud83d\ude42 Ort: Studio Formados, Hotelgasse 6, 3011 Bern Kosten: Du bezahlst so viel du m\u00f6chtest und f\u00fcr dich m\u00f6glich ist. Die H\u00e4lfte davon gebe ich weiter.<\/p>\n","protected":false},"author":1,"featured_media":0,"parent":0,"menu_order":0,"comment_status":"closed","ping_status":"closed","template":"","meta":{"sfsi_plus_gutenberg_text_before_share":"","sfsi_plus_gutenberg_show_text_before_share":"","sfsi_plus_gutenberg_icon_type":"","sfsi_plus_gutenberg_icon_alignemt":"","sfsi_plus_gutenburg_max_per_row":"","footnotes":""},"class_list":["post-17","page","type-page","status-publish","hentry","without-featured-image"],"yoast_head":"<!-- This site is optimized with the Yoast SEO plugin v25.0 - https:\/\/yoast.com\/wordpress\/plugins\/seo\/ -->\n<title>Kurse -<\/title>\n<meta name=\"robots\" content=\"index, follow, max-snippet:-1, max-image-preview:large, max-video-preview:-1\" \/>\n<link rel=\"canonical\" href=\"https:\/\/www.downward-smiling-dog.ch\/?page_id=17\" \/>\n<meta property=\"og:locale\" content=\"de_DE\" \/>\n<meta property=\"og:type\" content=\"article\" \/>\n<meta property=\"og:title\" content=\"Kurse -\" \/>\n<meta property=\"og:description\" content=\"Wann: Momentan finden die Lektionen ungef\u00e4hr einmal pro Monat statt. Du findest das n\u00e4chste Datum jeweils hier oder auf Instagram. NEXT: Chunt gli \ud83d\ude42 Ort: Studio Formados, Hotelgasse 6, 3011 Bern Kosten: Du bezahlst so viel du m\u00f6chtest und f\u00fcr dich m\u00f6glich ist. Die H\u00e4lfte davon gebe ich weiter.\" \/>\n<meta property=\"og:url\" content=\"https:\/\/www.downward-smiling-dog.ch\/?page_id=17\" \/>\n<meta property=\"article:publisher\" content=\"https:\/\/www.facebook.com\/tina.downwardsmilingdog\" \/>\n<meta property=\"article:modified_time\" content=\"2025-06-03T07:20:01+00:00\" \/>\n<meta name=\"twitter:card\" content=\"summary_large_image\" \/>\n<meta name=\"twitter:label1\" content=\"Gesch\u00e4tzte Lesezeit\" \/>\n\t<meta name=\"twitter:data1\" content=\"1\u00a0Minute\" \/>\n<script type=\"application\/ld+json\" class=\"yoast-schema-graph\">{\"@context\":\"https:\/\/schema.org\",\"@graph\":[{\"@type\":\"WebPage\",\"@id\":\"https:\/\/www.downward-smiling-dog.ch\/?page_id=17\",\"url\":\"https:\/\/www.downward-smiling-dog.ch\/?page_id=17\",\"name\":\"Kurse -\",\"isPartOf\":{\"@id\":\"https:\/\/www.downward-smiling-dog.ch\/#website\"},\"datePublished\":\"2021-08-28T19:30:30+00:00\",\"dateModified\":\"2025-06-03T07:20:01+00:00\",\"breadcrumb\":{\"@id\":\"https:\/\/www.downward-smiling-dog.ch\/?page_id=17#breadcrumb\"},\"inLanguage\":\"de\",\"potentialAction\":[{\"@type\":\"ReadAction\",\"target\":[\"https:\/\/www.downward-smiling-dog.ch\/?page_id=17\"]}]},{\"@type\":\"BreadcrumbList\",\"@id\":\"https:\/\/www.downward-smiling-dog.ch\/?page_id=17#breadcrumb\",\"itemListElement\":[{\"@type\":\"ListItem\",\"position\":1,\"name\":\"Startseite\",\"item\":\"https:\/\/www.downward-smiling-dog.ch\/\"},{\"@type\":\"ListItem\",\"position\":2,\"name\":\"Kurse\"}]},{\"@type\":\"WebSite\",\"@id\":\"https:\/\/www.downward-smiling-dog.ch\/#website\",\"url\":\"https:\/\/www.downward-smiling-dog.ch\/\",\"name\":\"downward-smiling-dog.ch\",\"description\":\"\",\"publisher\":{\"@id\":\"https:\/\/www.downward-smiling-dog.ch\/#organization\"},\"potentialAction\":[{\"@type\":\"SearchAction\",\"target\":{\"@type\":\"EntryPoint\",\"urlTemplate\":\"https:\/\/www.downward-smiling-dog.ch\/?s={search_term_string}\"},\"query-input\":{\"@type\":\"PropertyValueSpecification\",\"valueRequired\":true,\"valueName\":\"search_term_string\"}}],\"inLanguage\":\"de\"},{\"@type\":\"Organization\",\"@id\":\"https:\/\/www.downward-smiling-dog.ch\/#organization\",\"name\":\"Downward Smiling Dog\",\"url\":\"https:\/\/www.downward-smiling-dog.ch\/\",\"logo\":{\"@type\":\"ImageObject\",\"inLanguage\":\"de\",\"@id\":\"https:\/\/www.downward-smiling-dog.ch\/#\/schema\/logo\/image\/\",\"url\":\"https:\/\/www.downward-smiling-dog.ch\/wp-content\/uploads\/2021\/08\/cropped-cropped-cropped-Downfacing_Smiling_Dog_Logo-1.jpg\",\"contentUrl\":\"https:\/\/www.downward-smiling-dog.ch\/wp-content\/uploads\/2021\/08\/cropped-cropped-cropped-Downfacing_Smiling_Dog_Logo-1.jpg\",\"width\":512,\"height\":512,\"caption\":\"Downward Smiling Dog\"},\"image\":{\"@id\":\"https:\/\/www.downward-smiling-dog.ch\/#\/schema\/logo\/image\/\"},\"sameAs\":[\"https:\/\/www.facebook.com\/tina.downwardsmilingdog\",\"https:\/\/www.instagram.com\/downward_smiling_dog_yoga\/\"]}]}<\/script>\n<!-- \/ Yoast SEO plugin. -->","yoast_head_json":{"title":"Kurse -","robots":{"index":"index","follow":"follow","max-snippet":"max-snippet:-1","max-image-preview":"max-image-preview:large","max-video-preview":"max-video-preview:-1"},"canonical":"https:\/\/www.downward-smiling-dog.ch\/?page_id=17","og_locale":"de_DE","og_type":"article","og_title":"Kurse -","og_description":"Wann: Momentan finden die Lektionen ungef\u00e4hr einmal pro Monat statt. Du findest das n\u00e4chste Datum jeweils hier oder auf Instagram. NEXT: Chunt gli \ud83d\ude42 Ort: Studio Formados, Hotelgasse 6, 3011 Bern Kosten: Du bezahlst so viel du m\u00f6chtest und f\u00fcr dich m\u00f6glich ist. Die H\u00e4lfte davon gebe ich weiter.","og_url":"https:\/\/www.downward-smiling-dog.ch\/?page_id=17","article_publisher":"https:\/\/www.facebook.com\/tina.downwardsmilingdog","article_modified_time":"2025-06-03T07:20:01+00:00","twitter_card":"summary_large_image","twitter_misc":{"Gesch\u00e4tzte Lesezeit":"1\u00a0Minute"},"schema":{"@context":"https:\/\/schema.org","@graph":[{"@type":"WebPage","@id":"https:\/\/www.downward-smiling-dog.ch\/?page_id=17","url":"https:\/\/www.downward-smiling-dog.ch\/?page_id=17","name":"Kurse -","isPartOf":{"@id":"https:\/\/www.downward-smiling-dog.ch\/#website"},"datePublished":"2021-08-28T19:30:30+00:00","dateModified":"2025-06-03T07:20:01+00:00","breadcrumb":{"@id":"https:\/\/www.downward-smiling-dog.ch\/?page_id=17#breadcrumb"},"inLanguage":"de","potentialAction":[{"@type":"ReadAction","target":["https:\/\/www.downward-smiling-dog.ch\/?page_id=17"]}]},{"@type":"BreadcrumbList","@id":"https:\/\/www.downward-smiling-dog.ch\/?page_id=17#breadcrumb","itemListElement":[{"@type":"ListItem","position":1,"name":"Startseite","item":"https:\/\/www.downward-smiling-dog.ch\/"},{"@type":"ListItem","position":2,"name":"Kurse"}]},{"@type":"WebSite","@id":"https:\/\/www.downward-smiling-dog.ch\/#website","url":"https:\/\/www.downward-smiling-dog.ch\/","name":"downward-smiling-dog.ch","description":"","publisher":{"@id":"https:\/\/www.downward-smiling-dog.ch\/#organization"},"potentialAction":[{"@type":"SearchAction","target":{"@type":"EntryPoint","urlTemplate":"https:\/\/www.downward-smiling-dog.ch\/?s={search_term_string}"},"query-input":{"@type":"PropertyValueSpecification","valueRequired":true,"valueName":"search_term_string"}}],"inLanguage":"de"},{"@type":"Organization","@id":"https:\/\/www.downward-smiling-dog.ch\/#organization","name":"Downward Smiling Dog","url":"https:\/\/www.downward-smiling-dog.ch\/","logo":{"@type":"ImageObject","inLanguage":"de","@id":"https:\/\/www.downward-smiling-dog.ch\/#\/schema\/logo\/image\/","url":"https:\/\/www.downward-smiling-dog.ch\/wp-content\/uploads\/2021\/08\/cropped-cropped-cropped-Downfacing_Smiling_Dog_Logo-1.jpg","contentUrl":"https:\/\/www.downward-smiling-dog.ch\/wp-content\/uploads\/2021\/08\/cropped-cropped-cropped-Downfacing_Smiling_Dog_Logo-1.jpg","width":512,"height":512,"caption":"Downward Smiling Dog"},"image":{"@id":"https:\/\/www.downward-smiling-dog.ch\/#\/schema\/logo\/image\/"},"sameAs":["https:\/\/www.facebook.com\/tina.downwardsmilingdog","https:\/\/www.instagram.com\/downward_smiling_dog_yoga\/"]}]}},"_links":{"self":[{"href":"https:\/\/www.downward-smiling-dog.ch\/index.php?rest_route=\/wp\/v2\/pages\/17","targetHints":{"allow":["GET"]}}],"collection":[{"href":"https:\/\/www.downward-smiling-dog.ch\/index.php?rest_route=\/wp\/v2\/pages"}],"about":[{"href":"https:\/\/www.downward-smiling-dog.ch\/index.php?rest_route=\/wp\/v2\/types\/page"}],"author":[{"embeddable":true,"href":"https:\/\/www.downward-smiling-dog.ch\/index.php?rest_route=\/wp\/v2\/users\/1"}],"replies":[{"embeddable":true,"href":"https:\/\/www.downward-smiling-dog.ch\/index.php?rest_route=%2Fwp%2Fv2%2Fcomments&post=17"}],"version-history":[{"count":89,"href":"https:\/\/www.downward-smiling-dog.ch\/index.php?rest_route=\/wp\/v2\/pages\/17\/revisions"}],"predecessor-version":[{"id":638,"href":"https:\/\/www.downward-smiling-dog.ch\/index.php?rest_route=\/wp\/v2\/pages\/17\/revisions\/638"}],"wp:attachment":[{"href":"https:\/\/www.downward-smiling-dog.ch\/index.php?rest_route=%2Fwp%2Fv2%2Fmedia&parent=17"}],"curies":[{"name":"wp","href":"https:\/\/api.w.org\/{rel}","templated":true}]}}