{"id":11,"date":"2021-08-28T19:27:19","date_gmt":"2021-08-28T19:27:19","guid":{"rendered":"https:\/\/www.downward-smiling-dog.ch\/?page_id=11"},"modified":"2022-07-23T12:23:44","modified_gmt":"2022-07-23T12:23:44","slug":"ueber-mich","status":"publish","type":"page","link":"https:\/\/www.downward-smiling-dog.ch\/?page_id=11","title":{"rendered":"\u00dcber mich"},"content":{"rendered":"\n<p>Ich bin Tina. Aufgewachsen in einem kleinen Dorf in der N\u00e4he von Murten, habe ich nach sch\u00f6nen, spannenden und lehrreichen Reisen um die Welt, mein Zuhause in Bern gefunden.<\/p>\n\n\n\n<p>Auf einer dieser Reisen durfte ich vor einigen Jahren die positive Wirkung von Yoga erfahren und stehe seither regelm\u00e4ssig und gerne auf der Matte. Im Juni 2020 habe ich mich am Institut f\u00fcr Komplement\u00e4rtherapie f\u00fcr das 1. Modul, \u00abYoga-Praktikerin\u00bb angemeldet. Schnell habe ich gemerkt, dass ich mehr dazulernen und unterrichten m\u00f6chte, so habe ich mich ein Jahr sp\u00e4ter f\u00fcr das 2. Modul, \u00abYogalehrerin\u00bb eingeschrieben. Im Juni 2022 habe ich dies erfolgreich als Yogalehrerin Hatha Yoga mit 352 Kontaktstunden abgeschlossen.<\/p>\n\n\n\n<p>Ein Herz f\u00fcr Tiere hatte ich schon immer und so ging es auch nicht lange bis mein Herzensprojekt \u00abDownward Smiling Dog\u00bb entstanden ist. Es gibt viele gute Organisationen, welche sich aktiv f\u00fcr Tiere einsetzen und mein Ziel ist es, genau diese zu unterst\u00fctzen.<\/p>\n\n\n\n<p><\/p>\n\n\n\n<p><\/p>\n\n\n\n<p><\/p>\n\n\n\n<figure class=\"wp-block-gallery columns-2 is-cropped wp-block-gallery-1 is-layout-flex wp-block-gallery-is-layout-flex\"><ul class=\"blocks-gallery-grid\"><li class=\"blocks-gallery-item\"><figure><img loading=\"lazy\" decoding=\"async\" width=\"746\" height=\"756\" src=\"https:\/\/www.downward-smiling-dog.ch\/wp-content\/uploads\/2021\/10\/FotoRefugio-1.jpg\" alt=\"\" data-id=\"269\" data-link=\"https:\/\/www.downward-smiling-dog.ch\/?attachment_id=269\" class=\"wp-image-269\" srcset=\"https:\/\/www.downward-smiling-dog.ch\/wp-content\/uploads\/2021\/10\/FotoRefugio-1.jpg 746w, https:\/\/www.downward-smiling-dog.ch\/wp-content\/uploads\/2021\/10\/FotoRefugio-1-296x300.jpg 296w\" sizes=\"auto, (max-width: 746px) 100vw, 746px\" \/><\/figure><\/li><li class=\"blocks-gallery-item\"><figure><img loading=\"lazy\" decoding=\"async\" width=\"683\" height=\"1024\" src=\"https:\/\/www.downward-smiling-dog.ch\/wp-content\/uploads\/2022\/04\/tina_yoga-1068-683x1024.jpg\" alt=\"\" data-id=\"457\" data-link=\"https:\/\/www.downward-smiling-dog.ch\/?attachment_id=457\" class=\"wp-image-457\" srcset=\"https:\/\/www.downward-smiling-dog.ch\/wp-content\/uploads\/2022\/04\/tina_yoga-1068-683x1024.jpg 683w, https:\/\/www.downward-smiling-dog.ch\/wp-content\/uploads\/2022\/04\/tina_yoga-1068-200x300.jpg 200w, https:\/\/www.downward-smiling-dog.ch\/wp-content\/uploads\/2022\/04\/tina_yoga-1068-768x1152.jpg 768w, https:\/\/www.downward-smiling-dog.ch\/wp-content\/uploads\/2022\/04\/tina_yoga-1068-1024x1536.jpg 1024w, https:\/\/www.downward-smiling-dog.ch\/wp-content\/uploads\/2022\/04\/tina_yoga-1068-1365x2048.jpg 1365w, https:\/\/www.downward-smiling-dog.ch\/wp-content\/uploads\/2022\/04\/tina_yoga-1068-scaled.jpg 1707w\" sizes=\"auto, (max-width: 683px) 100vw, 683px\" \/><\/figure><\/li><\/ul><\/figure>\n","protected":false},"excerpt":{"rendered":"<p>Ich bin Tina. Aufgewachsen in einem kleinen Dorf in der N\u00e4he von Murten, habe ich nach sch\u00f6nen, spannenden und lehrreichen Reisen um die Welt, mein Zuhause in Bern gefunden. Auf einer dieser Reisen durfte ich vor einigen Jahren die positive Wirkung von Yoga erfahren und stehe seither regelm\u00e4ssig und gerne auf der Matte. Im Juni&hellip; <a href=\"https:\/\/www.downward-smiling-dog.ch\/?page_id=11\" class=\"more-link\">Weiterlesen <span class=\"screen-reader-text\">\u00dcber mich<\/span><\/a><\/p>\n","protected":false},"author":1,"featured_media":0,"parent":0,"menu_order":0,"comment_status":"closed","ping_status":"closed","template":"","meta":{"sfsi_plus_gutenberg_text_before_share":"","sfsi_plus_gutenberg_show_text_before_share":"","sfsi_plus_gutenberg_icon_type":"","sfsi_plus_gutenberg_icon_alignemt":"","sfsi_plus_gutenburg_max_per_row":"","footnotes":""},"class_list":["post-11","page","type-page","status-publish","hentry","without-featured-image"],"yoast_head":"<!-- This site is optimized with the Yoast SEO plugin v25.0 - https:\/\/yoast.com\/wordpress\/plugins\/seo\/ -->\n<title>\u00dcber mich -<\/title>\n<meta name=\"robots\" content=\"index, follow, max-snippet:-1, max-image-preview:large, max-video-preview:-1\" \/>\n<link rel=\"canonical\" href=\"https:\/\/www.downward-smiling-dog.ch\/?page_id=11\" \/>\n<meta property=\"og:locale\" content=\"de_DE\" \/>\n<meta property=\"og:type\" content=\"article\" \/>\n<meta property=\"og:title\" content=\"\u00dcber mich -\" \/>\n<meta property=\"og:description\" content=\"Ich bin Tina. Aufgewachsen in einem kleinen Dorf in der N\u00e4he von Murten, habe ich nach sch\u00f6nen, spannenden und lehrreichen Reisen um die Welt, mein Zuhause in Bern gefunden. Auf einer dieser Reisen durfte ich vor einigen Jahren die positive Wirkung von Yoga erfahren und stehe seither regelm\u00e4ssig und gerne auf der Matte. Im Juni&hellip; Weiterlesen \u00dcber mich\" \/>\n<meta property=\"og:url\" content=\"https:\/\/www.downward-smiling-dog.ch\/?page_id=11\" \/>\n<meta property=\"article:publisher\" content=\"https:\/\/www.facebook.com\/tina.downwardsmilingdog\" \/>\n<meta property=\"article:modified_time\" content=\"2022-07-23T12:23:44+00:00\" \/>\n<meta property=\"og:image\" content=\"https:\/\/www.downward-smiling-dog.ch\/wp-content\/uploads\/2021\/10\/FotoRefugio-1.jpg\" \/>\n<meta name=\"twitter:card\" content=\"summary_large_image\" \/>\n<meta name=\"twitter:label1\" content=\"Gesch\u00e4tzte Lesezeit\" \/>\n\t<meta name=\"twitter:data1\" content=\"1\u00a0Minute\" \/>\n<script type=\"application\/ld+json\" class=\"yoast-schema-graph\">{\"@context\":\"https:\/\/schema.org\",\"@graph\":[{\"@type\":\"WebPage\",\"@id\":\"https:\/\/www.downward-smiling-dog.ch\/?page_id=11\",\"url\":\"https:\/\/www.downward-smiling-dog.ch\/?page_id=11\",\"name\":\"\u00dcber mich -\",\"isPartOf\":{\"@id\":\"https:\/\/www.downward-smiling-dog.ch\/#website\"},\"primaryImageOfPage\":{\"@id\":\"https:\/\/www.downward-smiling-dog.ch\/?page_id=11#primaryimage\"},\"image\":{\"@id\":\"https:\/\/www.downward-smiling-dog.ch\/?page_id=11#primaryimage\"},\"thumbnailUrl\":\"https:\/\/www.downward-smiling-dog.ch\/wp-content\/uploads\/2021\/10\/FotoRefugio-1.jpg\",\"datePublished\":\"2021-08-28T19:27:19+00:00\",\"dateModified\":\"2022-07-23T12:23:44+00:00\",\"breadcrumb\":{\"@id\":\"https:\/\/www.downward-smiling-dog.ch\/?page_id=11#breadcrumb\"},\"inLanguage\":\"de\",\"potentialAction\":[{\"@type\":\"ReadAction\",\"target\":[\"https:\/\/www.downward-smiling-dog.ch\/?page_id=11\"]}]},{\"@type\":\"ImageObject\",\"inLanguage\":\"de\",\"@id\":\"https:\/\/www.downward-smiling-dog.ch\/?page_id=11#primaryimage\",\"url\":\"https:\/\/www.downward-smiling-dog.ch\/wp-content\/uploads\/2021\/10\/FotoRefugio-1.jpg\",\"contentUrl\":\"https:\/\/www.downward-smiling-dog.ch\/wp-content\/uploads\/2021\/10\/FotoRefugio-1.jpg\",\"width\":746,\"height\":756},{\"@type\":\"BreadcrumbList\",\"@id\":\"https:\/\/www.downward-smiling-dog.ch\/?page_id=11#breadcrumb\",\"itemListElement\":[{\"@type\":\"ListItem\",\"position\":1,\"name\":\"Startseite\",\"item\":\"https:\/\/www.downward-smiling-dog.ch\/\"},{\"@type\":\"ListItem\",\"position\":2,\"name\":\"\u00dcber mich\"}]},{\"@type\":\"WebSite\",\"@id\":\"https:\/\/www.downward-smiling-dog.ch\/#website\",\"url\":\"https:\/\/www.downward-smiling-dog.ch\/\",\"name\":\"downward-smiling-dog.ch\",\"description\":\"\",\"publisher\":{\"@id\":\"https:\/\/www.downward-smiling-dog.ch\/#organization\"},\"potentialAction\":[{\"@type\":\"SearchAction\",\"target\":{\"@type\":\"EntryPoint\",\"urlTemplate\":\"https:\/\/www.downward-smiling-dog.ch\/?s={search_term_string}\"},\"query-input\":{\"@type\":\"PropertyValueSpecification\",\"valueRequired\":true,\"valueName\":\"search_term_string\"}}],\"inLanguage\":\"de\"},{\"@type\":\"Organization\",\"@id\":\"https:\/\/www.downward-smiling-dog.ch\/#organization\",\"name\":\"Downward Smiling Dog\",\"url\":\"https:\/\/www.downward-smiling-dog.ch\/\",\"logo\":{\"@type\":\"ImageObject\",\"inLanguage\":\"de\",\"@id\":\"https:\/\/www.downward-smiling-dog.ch\/#\/schema\/logo\/image\/\",\"url\":\"https:\/\/www.downward-smiling-dog.ch\/wp-content\/uploads\/2021\/08\/cropped-cropped-cropped-Downfacing_Smiling_Dog_Logo-1.jpg\",\"contentUrl\":\"https:\/\/www.downward-smiling-dog.ch\/wp-content\/uploads\/2021\/08\/cropped-cropped-cropped-Downfacing_Smiling_Dog_Logo-1.jpg\",\"width\":512,\"height\":512,\"caption\":\"Downward Smiling Dog\"},\"image\":{\"@id\":\"https:\/\/www.downward-smiling-dog.ch\/#\/schema\/logo\/image\/\"},\"sameAs\":[\"https:\/\/www.facebook.com\/tina.downwardsmilingdog\",\"https:\/\/www.instagram.com\/downward_smiling_dog_yoga\/\"]}]}<\/script>\n<!-- \/ Yoast SEO plugin. -->","yoast_head_json":{"title":"\u00dcber mich -","robots":{"index":"index","follow":"follow","max-snippet":"max-snippet:-1","max-image-preview":"max-image-preview:large","max-video-preview":"max-video-preview:-1"},"canonical":"https:\/\/www.downward-smiling-dog.ch\/?page_id=11","og_locale":"de_DE","og_type":"article","og_title":"\u00dcber mich -","og_description":"Ich bin Tina. Aufgewachsen in einem kleinen Dorf in der N\u00e4he von Murten, habe ich nach sch\u00f6nen, spannenden und lehrreichen Reisen um die Welt, mein Zuhause in Bern gefunden. Auf einer dieser Reisen durfte ich vor einigen Jahren die positive Wirkung von Yoga erfahren und stehe seither regelm\u00e4ssig und gerne auf der Matte. Im Juni&hellip; Weiterlesen \u00dcber mich","og_url":"https:\/\/www.downward-smiling-dog.ch\/?page_id=11","article_publisher":"https:\/\/www.facebook.com\/tina.downwardsmilingdog","article_modified_time":"2022-07-23T12:23:44+00:00","og_image":[{"url":"https:\/\/www.downward-smiling-dog.ch\/wp-content\/uploads\/2021\/10\/FotoRefugio-1.jpg","type":"","width":"","height":""}],"twitter_card":"summary_large_image","twitter_misc":{"Gesch\u00e4tzte Lesezeit":"1\u00a0Minute"},"schema":{"@context":"https:\/\/schema.org","@graph":[{"@type":"WebPage","@id":"https:\/\/www.downward-smiling-dog.ch\/?page_id=11","url":"https:\/\/www.downward-smiling-dog.ch\/?page_id=11","name":"\u00dcber mich -","isPartOf":{"@id":"https:\/\/www.downward-smiling-dog.ch\/#website"},"primaryImageOfPage":{"@id":"https:\/\/www.downward-smiling-dog.ch\/?page_id=11#primaryimage"},"image":{"@id":"https:\/\/www.downward-smiling-dog.ch\/?page_id=11#primaryimage"},"thumbnailUrl":"https:\/\/www.downward-smiling-dog.ch\/wp-content\/uploads\/2021\/10\/FotoRefugio-1.jpg","datePublished":"2021-08-28T19:27:19+00:00","dateModified":"2022-07-23T12:23:44+00:00","breadcrumb":{"@id":"https:\/\/www.downward-smiling-dog.ch\/?page_id=11#breadcrumb"},"inLanguage":"de","potentialAction":[{"@type":"ReadAction","target":["https:\/\/www.downward-smiling-dog.ch\/?page_id=11"]}]},{"@type":"ImageObject","inLanguage":"de","@id":"https:\/\/www.downward-smiling-dog.ch\/?page_id=11#primaryimage","url":"https:\/\/www.downward-smiling-dog.ch\/wp-content\/uploads\/2021\/10\/FotoRefugio-1.jpg","contentUrl":"https:\/\/www.downward-smiling-dog.ch\/wp-content\/uploads\/2021\/10\/FotoRefugio-1.jpg","width":746,"height":756},{"@type":"BreadcrumbList","@id":"https:\/\/www.downward-smiling-dog.ch\/?page_id=11#breadcrumb","itemListElement":[{"@type":"ListItem","position":1,"name":"Startseite","item":"https:\/\/www.downward-smiling-dog.ch\/"},{"@type":"ListItem","position":2,"name":"\u00dcber mich"}]},{"@type":"WebSite","@id":"https:\/\/www.downward-smiling-dog.ch\/#website","url":"https:\/\/www.downward-smiling-dog.ch\/","name":"downward-smiling-dog.ch","description":"","publisher":{"@id":"https:\/\/www.downward-smiling-dog.ch\/#organization"},"potentialAction":[{"@type":"SearchAction","target":{"@type":"EntryPoint","urlTemplate":"https:\/\/www.downward-smiling-dog.ch\/?s={search_term_string}"},"query-input":{"@type":"PropertyValueSpecification","valueRequired":true,"valueName":"search_term_string"}}],"inLanguage":"de"},{"@type":"Organization","@id":"https:\/\/www.downward-smiling-dog.ch\/#organization","name":"Downward Smiling Dog","url":"https:\/\/www.downward-smiling-dog.ch\/","logo":{"@type":"ImageObject","inLanguage":"de","@id":"https:\/\/www.downward-smiling-dog.ch\/#\/schema\/logo\/image\/","url":"https:\/\/www.downward-smiling-dog.ch\/wp-content\/uploads\/2021\/08\/cropped-cropped-cropped-Downfacing_Smiling_Dog_Logo-1.jpg","contentUrl":"https:\/\/www.downward-smiling-dog.ch\/wp-content\/uploads\/2021\/08\/cropped-cropped-cropped-Downfacing_Smiling_Dog_Logo-1.jpg","width":512,"height":512,"caption":"Downward Smiling Dog"},"image":{"@id":"https:\/\/www.downward-smiling-dog.ch\/#\/schema\/logo\/image\/"},"sameAs":["https:\/\/www.facebook.com\/tina.downwardsmilingdog","https:\/\/www.instagram.com\/downward_smiling_dog_yoga\/"]}]}},"_links":{"self":[{"href":"https:\/\/www.downward-smiling-dog.ch\/index.php?rest_route=\/wp\/v2\/pages\/11","targetHints":{"allow":["GET"]}}],"collection":[{"href":"https:\/\/www.downward-smiling-dog.ch\/index.php?rest_route=\/wp\/v2\/pages"}],"about":[{"href":"https:\/\/www.downward-smiling-dog.ch\/index.php?rest_route=\/wp\/v2\/types\/page"}],"author":[{"embeddable":true,"href":"https:\/\/www.downward-smiling-dog.ch\/index.php?rest_route=\/wp\/v2\/users\/1"}],"replies":[{"embeddable":true,"href":"https:\/\/www.downward-smiling-dog.ch\/index.php?rest_route=%2Fwp%2Fv2%2Fcomments&post=11"}],"version-history":[{"count":36,"href":"https:\/\/www.downward-smiling-dog.ch\/index.php?rest_route=\/wp\/v2\/pages\/11\/revisions"}],"predecessor-version":[{"id":540,"href":"https:\/\/www.downward-smiling-dog.ch\/index.php?rest_route=\/wp\/v2\/pages\/11\/revisions\/540"}],"wp:attachment":[{"href":"https:\/\/www.downward-smiling-dog.ch\/index.php?rest_route=%2Fwp%2Fv2%2Fmedia&parent=11"}],"curies":[{"name":"wp","href":"https:\/\/api.w.org\/{rel}","templated":true}]}}